{"id":92,"date":"2018-06-14T11:42:39","date_gmt":"2018-06-14T09:42:39","guid":{"rendered":"http:\/\/www.xnoise.lt\/?page_id=92"},"modified":"2022-01-12T15:46:51","modified_gmt":"2022-01-12T13:46:51","slug":"partneriai","status":"publish","type":"page","link":"http:\/\/xnoise.lt\/index.php\/partneriai\/","title":{"rendered":"Partneriai"},"content":{"rendered":"<h4>Orlaivi\u0173 triuk\u0161mo valdymo partneriai:<\/h4>\n<p style=\"text-align: center;\"><a href=\"http:\/\/www.vgtu.lt\/\" target=\"_blank\" rel=\"noopener\">VGTU Termoizoliacijos mokslo institutas<\/a><\/p>\n<p style=\"text-align: center;\"><a href=\"https:\/\/www.google.com\/url?sa=t&amp;rct=j&amp;q=&amp;esrc=s&amp;source=web&amp;cd=&amp;cad=rja&amp;uact=8&amp;ved=2ahUKEwjmzJH6q6z1AhU07rsIHaReC0YQFnoECAgQAQ&amp;url=https%3A%2F%2Fvilniustech.lt%2Fantano-gustaicio-aviacijos-institutas%2F608&amp;usg=AOvVaw27UtAnY1Iphzhk3D9pL0VO\" target=\"_blank\" rel=\"noopener\">VGTU Antano Gustai\u010dio aviacijos institutas<\/a><\/p>\n<p style=\"text-align: center;\"><a href=\"http:\/\/sumin.lrv.lt\/\" target=\"_blank\" rel=\"noopener\">LR Susisiekimo ministerija<\/a><\/p>\n<p style=\"text-align: center;\"><a href=\"http:\/\/www.caa.lt\/index.old.php?103393560\" target=\"_blank\" rel=\"noopener\">Civilin\u0117s aviacijos administracija<\/a><\/p>\n<p style=\"text-align: center;\"><a href=\"http:\/\/vno.lt\/lt\/\" target=\"_blank\" rel=\"noopener\">Vilniaus oro uostas (VNO)<\/a><\/p>\n<p style=\"text-align: center;\"><a href=\"https:\/\/www.kaunas-airport.lt\/\" target=\"_blank\" rel=\"noopener\">Kauno oro uostas (KUN)<\/a><\/p>\n<p style=\"text-align: center;\"><a href=\"http:\/\/www.palanga-airport.lt\/lt\" target=\"_blank\" rel=\"noopener\">Palangos oro uostas (PLQ)<\/a><\/p>\n<p style=\"text-align: center;\"><a href=\"http:\/\/www.xnoise.lt\/\">Mokslinis-techninis mokymo centras \u201eDatorija\u201c<\/a><\/p>\n<p style=\"text-align: center;\"><a href=\"http:\/\/www.riga-airport.com\/\" target=\"_blank\" rel=\"noopener\">Tarptautinis Rygos oro uostas (RIX)<\/a><\/p>\n<p style=\"text-align: center;\"><a href=\"https:\/\/www.tallinn-airport.ee\/en\/\" target=\"_blank\" rel=\"noopener\">Talino oro uostas (TLL)<\/a><\/p>\n<p style=\"text-align: center;\"><a href=\"https:\/\/www.lennuakadeemia.ee\/academy\" target=\"_blank\" rel=\"noopener\">Estijos aviacijos akademija<\/a><\/p>\n","protected":false},"excerpt":{"rendered":"<p>Orlaivi\u0173 triuk\u0161mo valdymo partneriai: VGTU Termoizoliacijos mokslo institutas VGTU Antano Gustai\u010dio aviacijos institutas LR Susisiekimo ministerija Civilin\u0117s aviacijos administracija Vilniaus oro uostas (VNO) Kauno oro uostas (KUN) Palangos oro uostas&#8230;<br \/><a class=\"read-more-button\" href=\"http:\/\/xnoise.lt\/index.php\/partneriai\/\">Read more<\/a><\/p>\n","protected":false},"author":1,"featured_media":0,"parent":0,"menu_order":0,"comment_status":"closed","ping_status":"closed","template":"","meta":{"footnotes":""},"class_list":["post-92","page","type-page","status-publish","hentry"],"_links":{"self":[{"href":"http:\/\/xnoise.lt\/index.php\/wp-json\/wp\/v2\/pages\/92","targetHints":{"allow":["GET"]}}],"collection":[{"href":"http:\/\/xnoise.lt\/index.php\/wp-json\/wp\/v2\/pages"}],"about":[{"href":"http:\/\/xnoise.lt\/index.php\/wp-json\/wp\/v2\/types\/page"}],"author":[{"embeddable":true,"href":"http:\/\/xnoise.lt\/index.php\/wp-json\/wp\/v2\/users\/1"}],"replies":[{"embeddable":true,"href":"http:\/\/xnoise.lt\/index.php\/wp-json\/wp\/v2\/comments?post=92"}],"version-history":[{"count":2,"href":"http:\/\/xnoise.lt\/index.php\/wp-json\/wp\/v2\/pages\/92\/revisions"}],"predecessor-version":[{"id":1921,"href":"http:\/\/xnoise.lt\/index.php\/wp-json\/wp\/v2\/pages\/92\/revisions\/1921"}],"wp:attachment":[{"href":"http:\/\/xnoise.lt\/index.php\/wp-json\/wp\/v2\/media?parent=92"}],"curies":[{"name":"wp","href":"https:\/\/api.w.org\/{rel}","templated":true}]}}