{"id":345,"date":"2018-07-02T14:42:26","date_gmt":"2018-07-02T12:42:26","guid":{"rendered":"http:\/\/www.xnoise.lt\/?page_id=345"},"modified":"2023-04-19T11:39:54","modified_gmt":"2023-04-19T08:39:54","slug":"scientific-international-conference-vilnius-2014","status":"publish","type":"page","link":"http:\/\/xnoise.lt\/index.php\/en\/scientific-international-conference-vilnius-2014\/","title":{"rendered":"International Conference in Vilnius"},"content":{"rendered":"<p><img loading=\"lazy\" decoding=\"async\" class=\"alignnone wp-image-414 size-full\" src=\"http:\/\/www.xnoise.lt\/wp-content\/uploads\/2018\/07\/CEAS_XNOISE_Workshop_Vilnius-1.jpg\" alt=\"\" width=\"906\" height=\"95\" \/><\/p>\n<hr \/>\n<p>Full list of Papers presented in joint Scientific International Conference <strong>&#8222;ACOUSTIC CLIMATE INSIDE <\/strong><strong>AND<\/strong><strong> OUTSIDE OF BUILDINGS&#8221;<\/strong> and CEAS 18th Workshop <a href=\"http:\/\/acoustic.vgtu.lt\/index.php\/apas\/apas14\/schedConf\/presentations\" target=\"_blank\" rel=\"noopener\">see here<\/a><\/p>\n<p>To read Scientific International Conference abstracts, please select abstract by Title and click &#8216;PDF&#8217; placed on right side.<\/p>\n<table width=\"559\">\n<tbody>\n<tr>\n<td width=\"52\"><strong>Abstract<br \/>\nNumber<\/strong><\/td>\n<td width=\"411\"><strong>\u00a0Abstract Title<\/strong><\/td>\n<td width=\"86\"><strong>\u00a0<\/strong><\/td>\n<\/tr>\n<\/tbody>\n<\/table>\n<table width=\"582\">\n<tbody>\n<tr>\n<td width=\"69\">01<\/td>\n<td width=\"422\">THE SOUND CLASSIFICATION SCHEME OF BUILDINGS AS A LITHUANIAN\u00a0 REGULATION FOR PROTECTION AGAINST NOISE: 10 YEARS USAGE EXPERIENCE<br \/>\n<em>\u00a0\u00a0 <\/em><em>Aleksandras Jagniatinskis, Marius Mickaitis, Boris Fiks<\/em><\/td>\n<td width=\"92\"><a href=\"http:\/\/acoustic.vgtu.lt\/www.acoustic.vgtu.lt\/index.php\/apas\/apas14\/paper\/view\/4.html\" target=\"_blank\" rel=\"noopener\">PDF<\/a><\/td>\n<\/tr>\n<tr>\n<td width=\"69\">02<\/td>\n<td width=\"422\">AN ACOUSTIC CLASSIFICATION SCHEME FOR HOUSING \u2013 POSSIBILITIES OF\u00a0 ADOPTING COST TU0901 CONCLUSIONS IN HUNGARY<br \/>\n<em>\u00a0\u00a0 <\/em><em>Attila B. Nagy<\/em><\/td>\n<td width=\"92\"><a href=\"http:\/\/acoustic.vgtu.lt\/www.acoustic.vgtu.lt\/index.php\/apas\/apas14\/paper\/view\/5.html\" target=\"_blank\" rel=\"noopener\">PDF<\/a><\/td>\n<\/tr>\n<tr>\n<td width=\"69\">03<\/td>\n<td width=\"422\">INVESTIGATION OF IMPACT SOUND PRESSURE LEVEL REDUCTION OF FLOATING\u00a0 FLOOR USING THE SMALL SPECIMENS IN THE REAL BUILDING<br \/>\n<em>\u00a0\u00a0 <\/em><em>K\u0119stutis Mi\u0161kinis, Vidmantas Dikavi\u010dius<\/em><\/td>\n<td width=\"92\"><a href=\"http:\/\/acoustic.vgtu.lt\/www.acoustic.vgtu.lt\/index.php\/apas\/apas14\/paper\/view\/6.html\" target=\"_blank\" rel=\"noopener\">PDF<\/a><\/td>\n<\/tr>\n<tr>\n<td width=\"69\">04<\/td>\n<td width=\"422\">THE DEFINITION OF THE SCIENCE OF ACOUSTICS AND ITS PRACTICAL SIGNIFICANCE<br \/>\n<em>\u00a0\u00a0 <\/em><em>Danielius Gu\u017eas<\/em><\/td>\n<td width=\"92\"><a href=\"http:\/\/acoustic.vgtu.lt\/www.acoustic.vgtu.lt\/index.php\/apas\/apas14\/paper\/view\/7.html\" target=\"_blank\" rel=\"noopener\">PDF<\/a><\/td>\n<\/tr>\n<tr>\n<td width=\"69\">05<\/td>\n<td width=\"422\">CONTEMPORARY TWO-STOREY CHURCHES \u2013 ACOUSTIC INVESTIGATIONS<br \/>\n<em>\u00a0\u00a0 <\/em><em>Anna Sygulska<\/em><\/td>\n<td width=\"92\"><a href=\"http:\/\/acoustic.vgtu.lt\/www.acoustic.vgtu.lt\/index.php\/apas\/apas14\/paper\/view\/8.html\" target=\"_blank\" rel=\"noopener\">PDF<\/a><\/td>\n<\/tr>\n<tr>\n<td width=\"69\">06<\/td>\n<td width=\"422\">PRACTICAL APPLICATIONS OF FLOATING CONSTRUCTIONS WITH MINERAL WOOL SLABS ON CONCRETE BASE FLOOR FOR TIGHTENED SOUND INSULATION<br \/>\n<em>\u00a0\u00a0 <\/em><em>Raimundas \u0160lekys, Aleksandras Jagniatinskis, Ritoldas \u0160ukys<\/em><\/td>\n<td width=\"92\"><a href=\"http:\/\/acoustic.vgtu.lt\/www.acoustic.vgtu.lt\/index.php\/apas\/apas14\/paper\/view\/9.html\" target=\"_blank\" rel=\"noopener\">PDF<\/a><\/td>\n<\/tr>\n<tr>\n<td width=\"69\">07<\/td>\n<td width=\"422\">INVESTIGATION OF REVERBERATION TIME IN DIFFERENT PURPOSE ROOMS<br \/>\n<em>\u00a0\u00a0 <\/em><em>Marius Mickaitis, Jonas Anu\u0161kevi\u010dius, Boris Fiks, Mindaugas Skomskis<\/em><\/td>\n<td width=\"92\"><a href=\"http:\/\/acoustic.vgtu.lt\/www.acoustic.vgtu.lt\/index.php\/apas\/apas14\/paper\/view\/10.html\" target=\"_blank\" rel=\"noopener\">PDF<\/a><\/td>\n<\/tr>\n<tr>\n<td width=\"69\">08<\/td>\n<td width=\"422\">STATISTICS OF SUBJECTIVE ASSESSMENT OF SOUND: DETECTION OF OUTLIERS AND EVALUATION OF THEIR CONTRIBUTION<br \/>\n<em>\u00a0\u00a0 <\/em><em>Samir N. Y. Gerges<\/em><\/td>\n<td width=\"92\"><a href=\"http:\/\/acoustic.vgtu.lt\/www.acoustic.vgtu.lt\/index.php\/apas\/apas14\/paper\/view\/11.html\" target=\"_blank\" rel=\"noopener\">PDF<\/a><\/td>\n<\/tr>\n<tr>\n<td width=\"69\">09<\/td>\n<td width=\"422\">CRITERIA FOR AIRCRAFT NOISE CONTROL AROUND AIRPORTS AND THEIR ROLE IN REACHING THE STRATEGIC GOALS IN ENVIRONMENTAL PROTECTION FROM AVIATION IMPACT<br \/>\n<em>\u00a0\u00a0 <\/em><em>Oleksandr Zaporozhets<\/em><\/td>\n<td width=\"92\"><a href=\"http:\/\/acoustic.vgtu.lt\/www.acoustic.vgtu.lt\/index.php\/apas\/apas14\/paper\/view\/12.html\" target=\"_blank\" rel=\"noopener\">PDF<\/a><\/td>\n<\/tr>\n<tr>\n<td width=\"69\">10<\/td>\n<td width=\"422\">DRAFT OF THE GUIDANCE DOCUMENT OF THE RUSSIAN FEDERATION ON JUSTIFICATION OF SANITARY PROTECTION ZONES AROUND AIRPORTS<br \/>\n<em>\u00a0\u00a0 <\/em><em>Oleg Kartyshev<\/em><\/td>\n<td width=\"92\"><a href=\"http:\/\/acoustic.vgtu.lt\/www.acoustic.vgtu.lt\/index.php\/apas\/apas14\/paper\/view\/13.html\" target=\"_blank\" rel=\"noopener\">PDF<\/a><\/td>\n<\/tr>\n<tr>\n<td width=\"69\">11<\/td>\n<td width=\"422\">NOISE INDICES FOR AIRCRAFT NOISE EVENT ASSESSMENT ANALYSIS WITH THEIR DEPENDENCE FROM MEASUREMENT ISSUES AND IMPACT ASSESSMENT<br \/>\nAndrzej Chyla, Michal Buka\u0142a<\/td>\n<td width=\"92\"><a href=\"http:\/\/acoustic.vgtu.lt\/www.acoustic.vgtu.lt\/index.php\/apas\/apas14\/paper\/view\/14.html\" target=\"_blank\" rel=\"noopener\">PDF<\/a><\/td>\n<\/tr>\n<tr>\n<td width=\"69\">12<\/td>\n<td width=\"422\">NOISE CLIMATE IN COMMUNITIES CLOSE TO MADRID AIRPORT<br \/>\n<em>Nico van Oosten<\/em><\/td>\n<td width=\"92\"><a href=\"http:\/\/acoustic.vgtu.lt\/www.acoustic.vgtu.lt\/index.php\/apas\/apas14\/paper\/view\/15.html\" target=\"_blank\" rel=\"noopener\">PDF<\/a><\/td>\n<\/tr>\n<tr>\n<td width=\"69\">13<\/td>\n<td width=\"422\">DETAILED CALCULATION METHOD FOR AIRCRAFT NOISE MAPPING BASED ON VERIFIED INPUT DATA FROM MEASUREMENTS<br \/>\n<em>\u00a0\u00a0 <\/em><em>Mikhail Kartyshev, Yuriy Zakharov, Oleg Kartyshev<\/em><\/td>\n<td width=\"92\"><a href=\"http:\/\/acoustic.vgtu.lt\/www.acoustic.vgtu.lt\/index.php\/apas\/apas14\/paper\/view\/16.html\" target=\"_blank\" rel=\"noopener\">PDF<\/a><\/td>\n<\/tr>\n<tr>\n<td width=\"69\">14<\/td>\n<td width=\"422\">INTERDEPENDENCY ANALYSIS OF CURRENT AND FUTURE CRITERIA AND THEIR LIMITS FOR AIRCRAFT NOISE CONTROL IN URBAN AREAS<br \/>\n<em>\u00a0\u00a0 <\/em><em>Oleksandr Zaporozhets, Olena Konovalova, Vadim Tokarev, Katerina Kazhan, Katerina\u00a0Synylo<\/em><\/td>\n<td width=\"92\"><a href=\"http:\/\/acoustic.vgtu.lt\/www.acoustic.vgtu.lt\/index.php\/apas\/apas14\/paper\/view\/17.html\" target=\"_blank\" rel=\"noopener\">PDF<\/a><\/td>\n<\/tr>\n<tr>\n<td width=\"69\">15<\/td>\n<td width=\"422\">CORRELATIVE ANALYSIS OF NOISE PROPAGATION<br \/>\n<em>\u00a0\u00a0 <\/em><em>Juozas Skeivalas, Pranas Baltr\u0117nas, Raimundas Grubliauskas, Tomas Janu\u0161evi\u010dius<\/em><\/td>\n<td width=\"92\"><a href=\"http:\/\/acoustic.vgtu.lt\/www.acoustic.vgtu.lt\/index.php\/apas\/apas14\/paper\/view\/18.html\" target=\"_blank\" rel=\"noopener\">PDF<\/a><\/td>\n<\/tr>\n<\/tbody>\n<\/table>\n<p><strong>\u00a0<\/strong><\/p>\n<p>&nbsp;<\/p>\n","protected":false},"excerpt":{"rendered":"<p>Full list of Papers presented in joint Scientific International Conference &#8222;ACOUSTIC CLIMATE INSIDE AND OUTSIDE OF BUILDINGS&#8221; and CEAS 18th Workshop see here To read Scientific International Conference abstracts, please&#8230;<br \/><a class=\"read-more-button\" href=\"http:\/\/xnoise.lt\/index.php\/en\/scientific-international-conference-vilnius-2014\/\">Read more<\/a><\/p>\n","protected":false},"author":1,"featured_media":0,"parent":0,"menu_order":0,"comment_status":"closed","ping_status":"closed","template":"","meta":{"footnotes":""},"class_list":["post-345","page","type-page","status-publish","hentry"],"_links":{"self":[{"href":"http:\/\/xnoise.lt\/index.php\/wp-json\/wp\/v2\/pages\/345","targetHints":{"allow":["GET"]}}],"collection":[{"href":"http:\/\/xnoise.lt\/index.php\/wp-json\/wp\/v2\/pages"}],"about":[{"href":"http:\/\/xnoise.lt\/index.php\/wp-json\/wp\/v2\/types\/page"}],"author":[{"embeddable":true,"href":"http:\/\/xnoise.lt\/index.php\/wp-json\/wp\/v2\/users\/1"}],"replies":[{"embeddable":true,"href":"http:\/\/xnoise.lt\/index.php\/wp-json\/wp\/v2\/comments?post=345"}],"version-history":[{"count":1,"href":"http:\/\/xnoise.lt\/index.php\/wp-json\/wp\/v2\/pages\/345\/revisions"}],"predecessor-version":[{"id":2353,"href":"http:\/\/xnoise.lt\/index.php\/wp-json\/wp\/v2\/pages\/345\/revisions\/2353"}],"wp:attachment":[{"href":"http:\/\/xnoise.lt\/index.php\/wp-json\/wp\/v2\/media?parent=345"}],"curies":[{"name":"wp","href":"https:\/\/api.w.org\/{rel}","templated":true}]}}