{"id":266,"date":"2014-12-11T09:23:43","date_gmt":"2014-12-11T07:23:43","guid":{"rendered":"http:\/\/www.xnoise.lt\/?page_id=266"},"modified":"2021-05-25T13:40:21","modified_gmt":"2021-05-25T10:40:21","slug":"mazesnis-garsas-nereiskia-didesniu-statybos-sanaudu","status":"publish","type":"page","link":"http:\/\/xnoise.lt\/index.php\/mazesnis-garsas-nereiskia-didesniu-statybos-sanaudu\/","title":{"rendered":"Ma\u017eesnis garsas nerei\u0161kia didesni\u0173 statybos s\u0105naud\u0173"},"content":{"rendered":"<h1>Ma\u017eesnis garsas nerei\u0161kia didesni\u0173 statybos s\u0105naud\u0173, reikia tik kokybi\u0161kesnio statybinink\u0173 darbo ir statybos produkt\u0173 kontrol\u0117s<\/h1>\n<p>2014-12-11<\/p>\n<p>\u0160\u012f ruden\u012f atlikus vie\u0161osios nuomon\u0117s tyrim\u0105, 95 procentai Lietuvos gyventoj\u0173 nurod\u0117, kad apsauga nuo triuk\u0161mo yra vienas i\u0161 svarbiausi\u0173 b\u016bsto kokyb\u0117s rodikli\u0173 \u2013 greta saugos nuo gaisro, \u012fsilau\u017eimo, taupaus eksploatavimo ir kit\u0173.<\/p>\n<div id=\"attachment_303\" style=\"width: 311px\" class=\"wp-caption alignleft\"><img loading=\"lazy\" decoding=\"async\" aria-describedby=\"caption-attachment-303\" class=\"wp-image-303 size-full\" src=\"http:\/\/www.xnoise.lt\/wp-content\/uploads\/2018\/06\/stra_nau2.jpg\" alt=\"\" width=\"301\" height=\"168\" \/><p id=\"caption-attachment-303\" class=\"wp-caption-text\"><em>Portalo www.statybunaujienos.lt nuotr.<\/em><\/p><\/div>\n<p><em>Statyb\u0173 praktika parod\u0117, kad b\u016bsto akustin\u0117 kokyb\u0117 priklauso ne tiek nuo normini\u0173 reikalavim\u0173 grie\u017etumo, kiek nuo j\u0173 \u012fgyvendinimo prie\u017ei\u016bros bei atitikties reikalavimams tikrinimo.<br \/>\n<\/em><\/p>\n<p>Rinkos ir visuomen\u0117s nuomon\u0117s tyrim\u0173 kompanijos \u201eBaltijos tyrimai\u201c apklausos rezultatai parod\u0117, kad gyventojams svarbu, kokioje aplinkoje jie gyvena, jie sutiko, kad \u0161iuolaikin\u0117se statybose Lietuvoje yra atsi\u017evelgiama \u012f \u017emogaus ir visuomen\u0117s interesus, nurod\u0117 svarbiausius dalykus, kurie tur\u0117t\u0173 b\u016bti u\u017etikrinti gyvenamajame b\u016bste.<\/p>\n<p>D\u0117l ES statybos produkt\u0173 reglamento nuostat\u0173 naujai statomo gyvenamojo b\u016bsto apsauga nuo triuk\u0161mo pastaraisiais metais pager\u0117jo, nors daugelio nekilnojamojo turto pl\u0117totoj\u0173 ir statybinink\u0173 manymu, i\u0161laidos b\u016bsto akustiniam komfortui b\u016bsto vert\u0117s nepadidina. Pasak spaudos, vos kelios bendrov\u0117s siekia auk\u0161tesn\u0117s garso izoliacijos klas\u0117s, nei reikalaujama STR nuostatomis.<\/p>\n<p>Ta\u010diau kylant bendram gyvenimo komforto lygiui, atsiranda gyventoj\u0173 poreikis garantuotai b\u016bsto kaip prek\u0117s kokybei bei teisingai ir suprantamai informacijai apie jos akustin\u012f komfort\u0105. Jis gali b\u016bti u\u017etikrintas taikant pakankamai gars\u0105 izoliuojan\u010dias vidaus patalp\u0173 atitvarines konstrukcijas, kuri\u0173 rodikli\u0173 reikalavimai pateikti STR 2.01.07:2003 2003 \u201ePastat\u0173 vidaus ir i\u0161or\u0117s aplinkos ap\u00adsau\u00adga nuo triuk\u0161mo\u201c. \u0160is dokumentas yra pagrindinis pastat\u0173 apsaugos nuo vidaus ir i\u0161or\u0117s aplinkos triuk\u0161mo normavimo sistemos, galiojan\u010dios nuo 2004 met\u0173, dali\u0173.<br \/>\nPa\u017eym\u0117tina, kad Lietuvoje ir Europoje atlikti tyrim\u0173 rezultatai parod\u0117, jog minimalios garso klas\u0117s u\u017etikrinimas naujuose pastatuose beveik nebrangina j\u0173 statybos s\u0105naud\u0173. Tereikia skirti didesn\u012f d\u0117mes\u012f statybos darb\u0173 kokybei ir naudojam\u0173 statybos produkt\u0173 faktini\u0173 akustini\u0173 rodikli\u0173 kontrolei.<\/p>\n<h3><strong>Kaupia naujausi\u0105 pastat\u0173 akustikos mokslin\u0119 ir praktin\u0119 informacij\u0105<\/strong><\/h3>\n<p>Tinkamas praktinis pastato apsaugos nuo triuk\u0161mo reikalavim\u0173 \u012fgyvendinimas yra sunkiai realizuojamas, jei pastat\u0173 akustikos srities pagrindin\u0117s \u017einios nebus suteiktos projektuotojams, statybininkams ir nekilnojamojo turto pl\u0117totojams. Vilniaus Gedimino technikos universiteto (VGTU) mokslininkai nuolat organizuoja \u0161i\u0173 \u017eini\u0173 sklaid\u0105 konferencijose, seminaruose ir moky\u00admuose. Naujausias \u017einias VGTU Termoizoliacijos mokslo instituto Akustikos laboratorijos specialis\u00adtai gauna kruop\u0161\u010diai kaupdami ir sistemindami garso izoliavimo matavim\u0173 duomenis. pasiekiama nuolat ir sistemi\u0161kai atliekant nat\u016brinius ir laboratorinius pastat\u0173 ir j\u0173 element\u0173 tyrimus, dalyvaujant tarptautiniuose mokslo projektuose bei konferencijose.<\/p>\n<p>\u0160is ruduo kaip tik buvo turtingas pastat\u0173 ir j\u0173 aplinkumos akustikos sri\u010diai skirt\u0173 rengini\u0173. Rugs\u0117jo m\u0117nes\u012f VGTU vyko Tarptautinio FP7 mokslo projekto X\u2011Noise EV dalyvi\u0173 ir Europos aviaci\u00adjos s\u0105jung\u0173 tarybos (angl. Council of European Aviation Societies, CEAS) akustikos darbo grupi\u0173 kasmetinis susitikimas. \u0160is autoriteting\u0173 ekspert\u0173 metinis susitikimas Lietuvoje vyko pirm\u0105 kart\u0105.<\/p>\n<h3><strong>VGTU dalyvauja tarptautiniame projekte, susijusiame su triuk\u0161mu<\/strong><\/h3>\n<p>CEAS organizacija \u012fkurta 1992 metais, dabar jai priklauso 16 organizacij\u0173 ir apie 35 t\u016bkst. indivi\u00adduali\u0173 nari\u0173. Tarybos nariai yra savo \u0161alyse pripa\u017eintos, oreivyst\u0117s ir kosmini\u0173 tyrim\u0173 srityse pirmaujan\u010dios organizacijos. Kelios CEAS veiklos sritys yra susijusios su X\u2011Noise\u00a0EV projekto nagrin\u0117jamais klausimais. Europin\u012f tinklin\u012f projekt\u0105 X\u2011Noise EV vykdo tarptautiniu mastu pripa\u00ad\u017einti 21 \u0161alies aviacijos triuk\u0161mo mokslininkai ir ekspertai, atstovaujantys 29 organizacijoms.<\/p>\n<p>Lietuvai \u0161iame projekte atstovauja VGTU Termoizoliacijos mokslo instituto Akustikos laboratorija, vadovaujama dr. Aleksandro Jagniatinskio. Projekto dalyviai \u012fsipareigoja numatyti prioritetines tyrim\u0173 kryptis ir koordinuoti Europos mokslini\u0173 tyrim\u0173 veikl\u0105, susijusi\u0105 su triuk\u0161mu oro transporto srityje.<\/p>\n<p>Tarptautini\u0173 ekspert\u0173 susitikim\u0105 Vilniuje lyd\u0117jo moksliniai renginiai. Vienas j\u0173 \u2013 VGTU surengta tarptautin\u0117 konferencija <strong>\u201eAkustin\u0117s pastat\u0173 ir j\u0173 aplinkos savyb\u0117s\u201c<\/strong> \u2013 buvo skirta apsaugos nuo triuk\u0161mo bei jo poveikio gyvenamajai aplinkai ma\u017einimo aktualijoms aptarti. Tarp konferencijos sve\u010di\u0173 buvo orlaivi\u0173 variklius gaminan\u010dios SAFRAN grup\u0117s kompanijos \u201eSnecma\u201c, bendrovi\u0173 \u201eRolls-Royce\u201c ir \u201eAirbus\u201c atstovai, kit\u0173 pasaulinio lygio universitet\u0173, institut\u0173 ir verslo kompanij\u0173 atstovai.<\/p>\n<p><img loading=\"lazy\" decoding=\"async\" class=\"aligncenter wp-image-305 size-full\" src=\"http:\/\/www.xnoise.lt\/wp-content\/uploads\/2018\/06\/stra_nau3-e1529666020520.jpg\" alt=\"\" width=\"297\" height=\"185\" \/><\/p>\n<p><em><strong>Nuotraukoje:<\/strong> Tarptautin\u0117s akustikos konferencijos dalyviai: (i\u0161 kair\u0117s) VGTU mokslo prorektorius prof. habil. dr. Antanas \u010cenys, VGTU Termoizoliacijos mokslo instituto Akustikos laboratorijos ved\u0117jas doc. dr. Aleksandras Jagniatinskis, SAFRAN grup\u0117s kompanijos \u201eSnecma\u201c atstovas Dominique Collin, VGTU Architekt\u016bros fakulteto dekanas doc. dr. Liutauras Nekro\u0161ius.<\/em><\/p>\n<h3><strong>Pastat\u0173 akustin\u0117s kokyb\u0117s valdymas ir problem\u0173 sprendimas Lietuvoje pakyl\u0117tas \u012f auk\u0161tesn\u012f lyg\u012f<\/strong><\/h3>\n<p>Konferencijoje perskaityti Lietuvai aktual\u016bs prane\u0161imai apie \u012fvairiose Europos \u0161alyse taikom\u0105 pastat\u0173 apsaugos nuo triuk\u0161mo sistem\u0105, pristatyti naujausi \u012fvairios paskirties patalp\u0173 bei kons\u00adtrukcij\u0173 akustini\u0173 tyrim\u0173 rezultatai, triuk\u0161mo poveikio nuo greta miest\u0173 veikian\u010di\u0173 oro uost\u0173 ma\u017einimo galimyb\u0117s. Didel\u012f susidom\u0117jim\u0105 k\u0117l\u0117 kviestinio sve\u010dio \u2013 pasaulinio lygio akustikos specia\u00adlisto i\u0161 Brazilijos prof.\u00a0dr. Samir\u00a0N.Y. Gerges prane\u0161imas apie garso poveikio subjektyv\u0173 \u012fvertinim\u0105. Attila B. Nagy i\u0161 Budape\u0161to technolo\u00adgijos ir ekonomikos universiteto pristat\u0117 naujau\u00adsius u\u017ebaigto projekto COST\u00a00901, skirto harmonizuoti akustinius reikalavimus pastatams, tyrim\u0173 rezultatus. Jis pa\u017eym\u0117jo, kad Lietuvoje jau 10 met\u0173 s\u0117kmingai praktikoje taikoma akustinio klasifikavimo sistema yra puikus pavyzdys Europai.<\/p>\n<p>Tarptautini\u0173 rengini\u0173 rezultatai buvo aptarti lapkri\u010dio pabaigoje, Lietuvos statybos in\u017einieri\u0173 s\u0105jungos (LSIS) Vilniaus klubo surengtame seminare, kur europiniame kontekste nagrin\u0117ta nuo 2004 met\u0173 galiojanti nacionalin\u0117 triuk\u0161mo klasifikavimo schema ir de\u0161imties met\u0173 jos praktinio taikymo patirtis. Pagrindiniai klasifikavimo sistemos elementai apra\u0161yti statybos techniniame regla\u00admente STR 2.01.01(5):2008 \u201eEsminiai statinio reikalavimai. Apsauga nuo triuk\u0161mo\u201c, o ap\u00adsau\u00adgos nuo triuk\u0161mo rodikli\u0173 ribin\u0117s vert\u0117s nurodytos STR 2.01.07:2003 \u201ePastat\u0173 vidaus ir i\u0161or\u0117s aplinkos apsauga nuo triuk\u0161mo\u201c.<\/p>\n<p>Vienas svarbesni\u0173 moment\u0173 yra tai, kad \u012fsigaliojus akustinio klasifikavimo sistemai, Lietuva per\u0117jo nuo akustini\u0173 reikalavim\u0173 pastato elementams prie akustini\u0173 reikalavim\u0173 patiems pasta\u00adtams ar j\u0173 patalpoms. Tai rei\u0161kia, kad pastat\u0173 akustin\u0117s kokyb\u0117s valdymas ir problem\u0173 sprendi\u00admas Lietuvoje buvo pakeltas \u012f auk\u0161tesn\u012f lyg\u012f. Kelios Europos valstyb\u0117s analizuoja \u0161i\u0105 patirt\u012f ir rengiasi j\u0105 pritaikyti. Dr. A.\u00a0Jagniatinskis pristat\u0117 aktualias naujoves pastat\u0173 apsaugos nuo triuk\u0161mo srityje.<\/p>\n<p><strong><em>\u00a0<\/em><\/strong><strong><em>Europos \u0161alys, kuriose \u012fgyvendinta akustinio klasifikavimo sistema<\/em><\/strong><\/p>\n<table width=\"744\">\n<tbody>\n<tr>\n<th style=\"width: 113px;\" width=\"113\">\u0160alis<\/th>\n<th style=\"width: 113px;\" width=\"115\">Nuoroda \u012f klasifikavimo sistem\u0105<\/th>\n<th style=\"width: 113px;\" width=\"162\">\u012egyvendinimo metai<\/th>\n<th style=\"width: 113px;\" width=\"91\">Auk\u0161\u010diausia klas\u0117 naujiems pastatams<\/th>\n<th style=\"width: 113px;\" width=\"134\">\u017demiausia klas\u0117 naujiems pastatams<\/th>\n<th style=\"width: 113px;\" width=\"128\">Klas\u0117s \u201eseniems\u201c pastatams<\/th>\n<\/tr>\n<tr>\n<td width=\"113\">Danija<\/td>\n<td width=\"115\">DS 490<\/td>\n<td width=\"162\">2001\/2007<\/td>\n<td width=\"91\">\n<p style=\"text-align: center;\">A<\/p>\n<\/td>\n<td style=\"text-align: center;\" width=\"134\">C<\/td>\n<td width=\"128\">\n<p style=\"text-align: center;\">D<\/p>\n<\/td>\n<\/tr>\n<tr>\n<td width=\"113\">Islandija<\/td>\n<td width=\"115\">IST 45<\/td>\n<td width=\"162\">2003<\/td>\n<td width=\"91\">\n<p style=\"text-align: center;\">A<\/p>\n<\/td>\n<td style=\"text-align: center;\" width=\"134\">C<\/td>\n<td width=\"128\">\n<p style=\"text-align: center;\">D<\/p>\n<\/td>\n<\/tr>\n<tr>\n<td width=\"113\">Italija<\/td>\n<td width=\"115\">UNI 11367<\/td>\n<td width=\"162\">2010<\/td>\n<td width=\"91\">\n<p style=\"text-align: center;\">I<\/p>\n<\/td>\n<td style=\"text-align: center;\" width=\"134\">III<\/td>\n<td width=\"128\">\n<p style=\"text-align: center;\">IV<\/p>\n<\/td>\n<\/tr>\n<tr>\n<td width=\"113\">Lietuva<\/td>\n<td width=\"115\">STR 2.01.07<\/td>\n<td width=\"162\">2004<\/td>\n<td width=\"91\">\n<p style=\"text-align: center;\">A<\/p>\n<\/td>\n<td style=\"text-align: center;\" width=\"134\">C<\/td>\n<td width=\"128\">\n<p style=\"text-align: center;\">D, E<\/p>\n<\/td>\n<\/tr>\n<tr>\n<td width=\"113\">Nyderlandai<\/td>\n<td width=\"115\">NEN 1070<\/td>\n<td width=\"162\">1999<\/td>\n<td width=\"91\">\n<p style=\"text-align: center;\">I<\/p>\n<\/td>\n<td style=\"text-align: center;\" width=\"134\">III<\/td>\n<td width=\"128\">\n<p style=\"text-align: center;\">IV, V<\/p>\n<\/td>\n<\/tr>\n<tr>\n<td width=\"113\">Norvegija<\/td>\n<td width=\"115\">NS 8175<\/td>\n<td width=\"162\">1997\/2005\/2008<\/td>\n<td width=\"91\">\n<p style=\"text-align: center;\">A<\/p>\n<\/td>\n<td width=\"134\">\n<p style=\"text-align: center;\">C<\/p>\n<\/td>\n<td width=\"128\">\n<p style=\"text-align: center;\">D<\/p>\n<\/td>\n<\/tr>\n<tr>\n<td width=\"113\">Pranc\u016bzija<\/td>\n<td width=\"115\">Qualitel<\/td>\n<td width=\"162\">1993\/1995\/2000\/2008<\/td>\n<td width=\"91\">\n<p style=\"text-align: center;\">QLAC<\/p>\n<\/td>\n<td style=\"text-align: center;\" width=\"134\">QL<\/td>\n<td width=\"128\">\n<p style=\"text-align: center;\">n\u0117ra<\/p>\n<\/td>\n<\/tr>\n<tr>\n<td width=\"113\">Suomija<\/td>\n<td width=\"115\">SFS 5907<\/td>\n<td width=\"162\">2004<\/td>\n<td width=\"91\">\n<p style=\"text-align: center;\">A<\/p>\n<\/td>\n<td style=\"text-align: center;\" width=\"134\">C<\/td>\n<td width=\"128\">\n<p style=\"text-align: center;\">D<\/p>\n<\/td>\n<\/tr>\n<tr>\n<td width=\"113\">\u0160vedija<\/td>\n<td width=\"115\">SS 25267<\/td>\n<td width=\"162\">1996\/1998\/2004<\/td>\n<td width=\"91\">\n<p style=\"text-align: center;\">A<\/p>\n<\/td>\n<td style=\"text-align: center;\" width=\"134\">C<\/td>\n<td width=\"128\">\n<p style=\"text-align: center;\">D<\/p>\n<\/td>\n<\/tr>\n<tr>\n<td width=\"113\">Vokietija<\/td>\n<td width=\"115\">VDI 4100<\/td>\n<td width=\"162\">1994\/2007<\/td>\n<td width=\"91\">\n<p style=\"text-align: center;\">III<\/p>\n<\/td>\n<td style=\"text-align: center;\" width=\"134\">I<\/td>\n<td width=\"128\">\n<p style=\"text-align: center;\">n\u0117ra<\/p>\n<\/td>\n<\/tr>\n<\/tbody>\n<\/table>\n<h3><strong>Ne visi gyventojai, netgi ir statybos u\u017esakovai, patenkinti faktine akustinio komforto kokybe<\/strong><\/h3>\n<p>Seminare skaityti prane\u0161imai apie pastato apsaugos nuo triuk\u0161mo projektinio ir praktinio \u012fgyven\u00addinimo aspektus. VGTU Pastat\u0173 konstrukcij\u0173 katedros ved\u0117jas dr. Marius Mickaitis supa\u017eindino su \u012fvairios paskir\u00adties patalp\u0173 aid\u0117jimo trukm\u0117s reikalavimais ir j\u0173 atitikties tyrim\u0173 rezultatais. Pasta\u00adrieji parod\u0117, kad neatlie\u00adkant speciali\u0173 akustini\u0173 skai\u010diavim\u0173 ir nenaudojant gars\u0105 absorbuojan\u010di\u0173 med\u017eiag\u0173, prakti\u0161kai ne\u012fmanoma u\u017etikrinti patalpoms keliam\u0173 minimali\u0173 akustini\u0173 reikalavim\u0173.<\/p>\n<p>Dr. K\u0119stutis Mi\u0161kinis i\u0161 KTU Architekt\u016bros ir statybos instituto Statybin\u0117s fizikos laboratorijos ren\u00adgi\u00adnio dalyviams pasakojo apie sm\u016bgio garso izoliacijos nustatymo nat\u016brin\u0117mis s\u0105lygomis ypa\u00adtu\u00admus. Pasak jo, judri\u0173j\u0173 grind\u0173 fragmento naudojimas turi reik\u0161ming\u0105 \u012ftak\u0105 bandymo rezul\u00adta\u00adtams. UAB \u201eSaint-Gobain statybos gaminiai\u201c techninis vadovas Raimundas \u0160lekys pristat\u0117 infor\u00adma\u00adcij\u0105 apie s\u0117kmingai pastat\u0173 akus\u00adtinius reikalavimus u\u017etikrinan\u010dius sprendimus, analizavo da\u017eniausiai daromos klaidas ir si\u016bl\u0117 b\u016bdus j\u0173 i\u0161vengti.<\/p>\n<p>Mokslinink\u0173 diskusijose su statyb\u0173 srities specialistais paai\u0161k\u0117jo, kad nors klasifikavimo sistema leido \u017eymiai pagerinti b\u016bsto akustin\u012f komfort\u0105, dar yra tobulintin\u0173 element\u0173. Ypa\u010d tai pasakytina apie paskutin\u012f pastato apsaugos nuo triuk\u0161mo \u012fgyvendinimo etap\u0105 \u2013 pastato atidavim\u0105 naudoji\u00admui. Statyb\u0173 praktika parod\u0117, kad b\u016bsto akustin\u0117 kokyb\u0117 priklauso ne tiek nuo normini\u0173 reikala\u00advi\u00adm\u0173 grie\u017etumo, kiek nuo j\u0173 \u012fgyvendinimo prie\u017ei\u016bros bei atitikties reikalavimams tikrinimo. Pastatas pripa\u017e\u012fstamas tinkamu naudoti pagal deklaruojam\u0105 akustinio komforto klas\u0119 vadovau\u00adjantis STR 1.11.01:2010 \u201eStatybos u\u017ebaigimas\u201c. Ta\u010diau yra nema\u017eai gyventoj\u0173, pasitaiko netgi ir statybos u\u017esakov\u0173, kurie n\u0117ra patenkinti faktine akustinio komforto kokybe.<\/p>\n<p><em>Lietuvos statybos in\u017einieri\u0173 s\u0105jungos informacija ir nuotrauka.\u00a0<\/em><\/p>\n<p>\u0160altinis:\u00a0 <a href=\"http:\/\/www.statybunaujienos.lt\/naujiena\/Mazesnis-garsas-nereiskia-didesniu-statybos-sanaudu-reikia-tik-kokybiskesnio-statybininku-darbo-ir-statybos-produktu-kontroles\/2586\" target=\"_blank\" rel=\"noopener\">www.statybunaujienos.lt<\/a><\/p>\n<p><strong>Susij\u0119 straipsniai:<\/strong> <a href=\"http:\/\/www.xnoise.lt\/index.php\/language\/lt\/tarptautine-konferencija-akustiniai-tyrimai-svarbus-ir-statybose-ir-aviacijoje\/\">Tarptautin\u0117 konferencija: akustiniai tyrimai svarb\u016bs ir statybose, ir aviacijoje<\/a><\/p>\n","protected":false},"excerpt":{"rendered":"<p>Ma\u017eesnis garsas nerei\u0161kia didesni\u0173 statybos s\u0105naud\u0173, reikia tik kokybi\u0161kesnio statybinink\u0173 darbo ir statybos produkt\u0173 kontrol\u0117s 2014-12-11 \u0160\u012f ruden\u012f atlikus vie\u0161osios nuomon\u0117s tyrim\u0105, 95 procentai Lietuvos gyventoj\u0173 nurod\u0117, kad apsauga nuo&#8230;<br \/><a class=\"read-more-button\" href=\"http:\/\/xnoise.lt\/index.php\/mazesnis-garsas-nereiskia-didesniu-statybos-sanaudu\/\">Read more<\/a><\/p>\n","protected":false},"author":1,"featured_media":0,"parent":0,"menu_order":0,"comment_status":"closed","ping_status":"closed","template":"template-without-title.php","meta":{"footnotes":""},"class_list":["post-266","page","type-page","status-publish","hentry"],"_links":{"self":[{"href":"http:\/\/xnoise.lt\/index.php\/wp-json\/wp\/v2\/pages\/266","targetHints":{"allow":["GET"]}}],"collection":[{"href":"http:\/\/xnoise.lt\/index.php\/wp-json\/wp\/v2\/pages"}],"about":[{"href":"http:\/\/xnoise.lt\/index.php\/wp-json\/wp\/v2\/types\/page"}],"author":[{"embeddable":true,"href":"http:\/\/xnoise.lt\/index.php\/wp-json\/wp\/v2\/users\/1"}],"replies":[{"embeddable":true,"href":"http:\/\/xnoise.lt\/index.php\/wp-json\/wp\/v2\/comments?post=266"}],"version-history":[{"count":2,"href":"http:\/\/xnoise.lt\/index.php\/wp-json\/wp\/v2\/pages\/266\/revisions"}],"predecessor-version":[{"id":2028,"href":"http:\/\/xnoise.lt\/index.php\/wp-json\/wp\/v2\/pages\/266\/revisions\/2028"}],"wp:attachment":[{"href":"http:\/\/xnoise.lt\/index.php\/wp-json\/wp\/v2\/media?parent=266"}],"curies":[{"name":"wp","href":"https:\/\/api.w.org\/{rel}","templated":true}]}}