{"id":258,"date":"2014-10-08T13:05:03","date_gmt":"2014-10-08T11:05:03","guid":{"rendered":"http:\/\/www.xnoise.lt\/?page_id=258"},"modified":"2014-10-08T13:05:03","modified_gmt":"2014-10-08T11:05:03","slug":"tarptautine-konferencija-akustiniai-tyrimai-svarbus-ir-statybose-ir-aviacijoje","status":"publish","type":"page","link":"http:\/\/xnoise.lt\/index.php\/tarptautine-konferencija-akustiniai-tyrimai-svarbus-ir-statybose-ir-aviacijoje\/","title":{"rendered":"Tarptautin\u0117 konferencija: akustiniai tyrimai svarb\u016bs"},"content":{"rendered":"<h2>Tarptautin\u0117 konferencija: akustiniai tyrimai svarb\u016bs ir statybose, ir aviacijoje<\/h2>\n<p>2014-10-08<\/p>\n<p>&nbsp;<\/p>\n<p><img loading=\"lazy\" decoding=\"async\" class=\"size-full wp-image-308 alignleft\" src=\"http:\/\/www.xnoise.lt\/wp-content\/uploads\/2018\/06\/stra_nau1.jpg\" alt=\"\" width=\"204\" height=\"114\" \/>Rugs\u0117jo pabaigoje Vilniaus Gedimino technikos universiteto (VGTU) Architekt\u016bros fakultete vyko Tarptautinio FP7 mokslo projekto X-Noise\u00a0EV dalyvi\u0173 ir Europos aviacijos s\u0105jung\u0173 tarybos (CEAS) akustikos darbo grupi\u0173 kasmetinis susitikimas.<\/p>\n<p>Tarptautini\u0173 ekspert\u0173 susitikim\u0105 lyd\u0117jo du susieti moksliniai renginiai. Pirmasis \u2013 tarptautin\u0117 konferencija <strong>\u201eAkustin\u0117s pastat\u0173 ir j\u0173 aplinkos savyb\u0117s\u201c<\/strong> (&#8222;Acoustic Climate Inside and Outside of Buildings\u201d) buvo skirta apsaugos nuo triuk\u0161mo bei jo poveikio gyvenamajai aplinkai ma\u017einimo aktualijoms aptarti. Kitas renginys &#8211; CEAS \/ X-Noise tinklo seminaras <strong>\u201eOrlaivi\u0173 keliamo triuk\u0161mo ma\u017einimas taikant oro sraut\u0173 kontrol\u0119 bei aktyvius\/lanks\u010dius metodus\u201c<\/strong> (&#8222;Aircraft Noise Reduction by Flow Control and Active\/Adaptive Techniques\u201d). Jame pristatyti naujausi vykdom\u0173 europini\u0173 ir nacionalini\u0173 aviacinio triuk\u0161mo valdymo mokslini\u0173 tyrim\u0173 rezultatai ir j\u0173 taikymo galimyb\u0117s projektuojant orlaivius.<\/p>\n<p>VGTU organizuotoje tarptautin\u0117je konferencijoje buvo pristatytos pastat\u0173 apsaugos nuo triuk\u0161mo aktualijos. Prane\u0161imai ap\u017evelg\u0117 plat\u0173 tem\u0173 rat\u0105: architekt\u016brin\u0117 ir statybin\u0117 akustika, garsas mene ir architekt\u016broje, akustikos srities standartai ir reglamentai, triuk\u0161mo poveikis \u017emogui, aplinkos ir oro transporto keliamo triuk\u0161mo ma\u017einimas, kitas.<\/p>\n<p>Konferencij\u0105 atidar\u0117 VGTU Mokslo prorektorius prof.\u00a0habil. dr.\u00a0Antanas \u010cenys, sveikinimo \u017eod\u012f susirinkusiems perdav\u0117 Architekt\u016bros fakulteto dekanas doc.\u00a0dr.\u00a0Liutauras Nekro\u0161ius. Tarp konferencijos sve\u010di\u0173 buvo orlaivi\u0173 variklius gaminan\u010dios SAFRAN grup\u0117s kompanijos \u201eSnecma\u201c atstovas, \u017einom\u0173 kompanij\u0173 \u201eRolls-Royce\u201c ir \u201eAirbus\u201c atstovai, kit\u0173 pasaulinio lygio universitet\u0173, institut\u0173 ir verslo kompanij\u0173 atstovai. Tai sudar\u0117 s\u0105lygas prorektoriui A.\u00a0\u010ceniui, dekanui L.\u00a0Nekro\u0161iui, rengini\u0173 koordinatoriui A.\u00a0Jagniatinskiui aptarti su min\u0117tais sve\u010diais ir kitais rengini\u0173 dalyviais tolimesnio bendradarbiavimo bei dalyvavimo ES finansuojamuose projektuose gaires.<\/p>\n<p>Buvo perskaityti Lietuvos s\u0105lygoms aktual\u016bs prane\u0161imai apie \u012fvairiose Europos \u0161alyse taikom\u0105 pastat\u0173 apsaugos nuo triuk\u0161mo sistem\u0105, pristatyti naujausi \u012fvairios paskirties patalp\u0173 bei konstrukcij\u0173 akustini\u0173 tyrim\u0173 rezultatai, triuk\u0161mo poveikio nuo greta miest\u0173 veikian\u010di\u0173 oro uost\u0173 ma\u017einimo galimyb\u0117s. Prane\u0161\u0117jas i\u0161 Vengrijos pristat\u0117 naujausius u\u017ebaigto projekto COST 0901, skirto harmonizuoti akustinius reikalavimus pastatams, tyrim\u0173 rezultatus. Jis pa\u017eym\u0117jo, kad Lietuvoje jau 10 met\u0173 s\u0117kmingai praktikoje taikoma akustinio klasifikavimo sistema yra puikiai subalansuota Europiniame kontekste.<\/p>\n<p>Didel\u012f susidom\u0117jim\u0105 k\u0117l\u0117 kviestinio sve\u010dio, pasaulinio masto akustikos specialisto i\u0161 Brazilijos, prof.\u00a0habil. dr. Samir\u00a0N.Y. Gerges prane\u0161imas apie garso poveikio subjektyv\u0173 \u012fvertinim\u0105 taikant statistinius metodus. Be Lietuvos mokslinink\u0173, konferencijoje dalyvavo bei prane\u0161imus skait\u0117 Vengrijos, Lenkijos, Ukrainos, Rusijos, Ispanijos ir Brazilijos atstovai.<\/p>\n<p>X-Noise EV yra europinis tinklinis projektas, kurio dalyviai \u012fsipareigoja numatyti prioritetines kryptis ir koordinuoti Europos mokslini\u0173 tyrim\u0173 veikl\u0105, susijusi\u0105 su triuk\u0161mu oro transporto srityje. Projekt\u0105 vykdo tarptautiniu mastu pripa\u017einti aviacijos triuk\u0161mo mokslininkai ir ekspertai atstovaujantys 29 organizacijas i\u0161 21 \u0161alies. Lietuv\u0105 \u0161iame projekte atstovauja VGTU Termoizoliacijos mokslo instituto Akustikos laboratorija vadovaujama dr.\u00a0Aleksandro Jagniatinskio.<\/p>\n<p>CEAS \u012fkurta 1993 metais. \u0160iuo metu j\u0105 sudaro 16 organizacij\u0173 ir 35 000 individuali\u0173 nari\u0173. Tarybos nariai yra savo \u0161alyse oreivyst\u0117s ir kosmini\u0173 tyrim\u0173 srityse pripa\u017eintos ir lyderiaujan\u010dios organizacijos. Keletas CEAS veiklos sri\u010di\u0173 yra susietos su X-Noise EV projekto darbo paketuose nagrin\u0117jamais klausimais. Tarptautinio projekto X\u2011Noise EV ir CEAS darbo grupi\u0173 metinis susitikimas Lietuvoje vyko pirm\u0105 kart\u0105.<\/p>\n<hr \/>\n<table>\n<tbody>\n<tr>\n<td><a href=\"http:\/\/www.xnoise.lt\/wp-content\/uploads\/2018\/06\/st_5_tk.jpg\"><img loading=\"lazy\" decoding=\"async\" class=\"wp-image-312 size-thumbnail aligncenter\" src=\"http:\/\/www.xnoise.lt\/wp-content\/uploads\/2018\/06\/st_5_tk-150x150.jpg\" alt=\"\" width=\"150\" height=\"150\" \/><\/a><\/td>\n<td><a href=\"http:\/\/www.xnoise.lt\/wp-content\/uploads\/2018\/06\/st_7_tk.jpg\"><img loading=\"lazy\" decoding=\"async\" class=\"wp-image-314 size-thumbnail aligncenter\" src=\"http:\/\/www.xnoise.lt\/wp-content\/uploads\/2018\/06\/st_7_tk-150x150.jpg\" alt=\"\" width=\"150\" height=\"150\" \/><\/a><\/td>\n<td><a href=\"http:\/\/www.xnoise.lt\/wp-content\/uploads\/2018\/06\/st_2_tk.jpg\"><img loading=\"lazy\" decoding=\"async\" class=\"wp-image-311 size-thumbnail aligncenter\" src=\"http:\/\/www.xnoise.lt\/wp-content\/uploads\/2018\/06\/st_2_tk-150x150.jpg\" alt=\"\" width=\"150\" height=\"150\" \/><\/a><\/td>\n<\/tr>\n<tr>\n<td><a href=\"http:\/\/www.xnoise.lt\/wp-content\/uploads\/2018\/06\/st_6_tk.jpg\"><img loading=\"lazy\" decoding=\"async\" class=\"wp-image-313 size-thumbnail aligncenter\" src=\"http:\/\/www.xnoise.lt\/wp-content\/uploads\/2018\/06\/st_6_tk-150x150.jpg\" alt=\"\" width=\"150\" height=\"150\" \/><\/a><\/td>\n<td colspan=\"2\"><img loading=\"lazy\" decoding=\"async\" class=\"wp-image-320 size-medium aligncenter\" src=\"http:\/\/www.xnoise.lt\/wp-content\/uploads\/2018\/06\/img_CEASxn_ev-300x53.png\" alt=\"\" width=\"300\" height=\"53\" \/><img loading=\"lazy\" decoding=\"async\" class=\"size-full wp-image-322 aligncenter\" src=\"http:\/\/www.xnoise.lt\/wp-content\/uploads\/2018\/06\/img_VGTU_archit_CEASxn-1.jpg\" alt=\"\" width=\"289\" height=\"65\" \/><\/td>\n<\/tr>\n<\/tbody>\n<\/table>\n<p>&nbsp;<\/p>\n<p><em>\u0160altinis<\/em>:\u00a0 <a href=\"http:\/\/www.vgtu.lt\/universitetas\/naujienos\/naujienos\/tarptautine-konferencija-akustiniai-tyrimai-svarbus-ir-statybose-ir-aviacijoje\/26672?nid=70000\" target=\"_blank\" rel=\"noopener\">VGTU naujienos<\/a><\/p>\n<p><strong><br \/>\nSusij\u0119 straipsniai: <\/strong><a href=\"http:\/\/www.xnoise.lt\/index.php\/language\/lt\/mazesnis-garsas-nereiskia-didesniu-statybos-sanaudu\/\">Ma\u017eesnis garsas nerei\u0161kia didesni\u0173 statybos s\u0105naud\u0173, reikia tik kokybi\u0161kesnio statybinink\u0173 darbo ir statybos produkt\u0173 kontrol\u0117s<\/a><\/p>\n<p>&nbsp;<\/p>\n","protected":false},"excerpt":{"rendered":"<p>Tarptautin\u0117 konferencija: akustiniai tyrimai svarb\u016bs ir statybose, ir aviacijoje 2014-10-08 &nbsp; Rugs\u0117jo pabaigoje Vilniaus Gedimino technikos universiteto (VGTU) Architekt\u016bros fakultete vyko Tarptautinio FP7 mokslo projekto X-Noise\u00a0EV dalyvi\u0173 ir Europos aviacijos&#8230;<br \/><a class=\"read-more-button\" href=\"http:\/\/xnoise.lt\/index.php\/tarptautine-konferencija-akustiniai-tyrimai-svarbus-ir-statybose-ir-aviacijoje\/\">Read more<\/a><\/p>\n","protected":false},"author":1,"featured_media":0,"parent":0,"menu_order":0,"comment_status":"closed","ping_status":"closed","template":"template-without-title.php","meta":{"footnotes":""},"class_list":["post-258","page","type-page","status-publish","hentry"],"_links":{"self":[{"href":"http:\/\/xnoise.lt\/index.php\/wp-json\/wp\/v2\/pages\/258","targetHints":{"allow":["GET"]}}],"collection":[{"href":"http:\/\/xnoise.lt\/index.php\/wp-json\/wp\/v2\/pages"}],"about":[{"href":"http:\/\/xnoise.lt\/index.php\/wp-json\/wp\/v2\/types\/page"}],"author":[{"embeddable":true,"href":"http:\/\/xnoise.lt\/index.php\/wp-json\/wp\/v2\/users\/1"}],"replies":[{"embeddable":true,"href":"http:\/\/xnoise.lt\/index.php\/wp-json\/wp\/v2\/comments?post=258"}],"version-history":[{"count":0,"href":"http:\/\/xnoise.lt\/index.php\/wp-json\/wp\/v2\/pages\/258\/revisions"}],"wp:attachment":[{"href":"http:\/\/xnoise.lt\/index.php\/wp-json\/wp\/v2\/media?parent=258"}],"curies":[{"name":"wp","href":"https:\/\/api.w.org\/{rel}","templated":true}]}}