{"id":251,"date":"2017-04-27T11:31:58","date_gmt":"2017-04-27T09:31:58","guid":{"rendered":"http:\/\/www.xnoise.lt\/?page_id=251"},"modified":"2022-02-03T15:50:29","modified_gmt":"2022-02-03T13:50:29","slug":"nuo-triuksmo-popieriai-neapsaugo","status":"publish","type":"page","link":"http:\/\/xnoise.lt\/index.php\/nuo-triuksmo-popieriai-neapsaugo\/","title":{"rendered":"Nuo triuk\u0161mo popieriai neapsaugo"},"content":{"rendered":"<h2>Nuo triuk\u0161mo popieriai neapsaugo<\/h2>\n<p>2017-04-27<\/p>\n<p>Kuo daugiau statyb\u0173, tuo daugiau akustine savo b\u016bsto kokybe nepatenkint\u0173 gyventoj\u0173. Ir nors esame apsir\u016bpin\u0119 visomis nuo neigiamo triuk\u0161mo poveikio saugan\u010diomis teisin\u0117mis direktyvomis, gyvenime j\u0173 da\u017enai nepakanka.<\/p>\n<p>Apie tai vakar kalb\u0117jo \u012f Tarptautinei triuk\u0161mo supratimo dienai (<a href=\"https:\/\/noiseawareness.org\/\" target=\"_blank\" rel=\"noopener\">INAD<\/a>) skirt\u0105 konferencij\u0105 susirink\u0119 mokslininkai. \u0160ia kasmet paskutin\u012f baland\u017eio tre\u010diadien\u012f minima diena siekiama atkreipti d\u0117mes\u012f \u012f neigiam\u0105 triuk\u0161mo poveik\u012f ir i\u0161mokyti nuo jo apsisaugoti.<\/p>\n<p>Auk\u0161ti decibelai veikia mus kiekviename \u017eingsnyje. Tai ir triuk\u0161mingi kaimynai, ir nuo varginan\u010di\u0173 gars\u0173 neapsaugota darbo aplinka, ir pramonini\u0173 objekt\u0173, transporto keliamas triuk\u0161mas. Jis alina vis\u0105 organizm\u0105, bet labiausiai &#8211; klausos analizatori\u0173, centrin\u0119 nerv\u0173 bei \u0161irdies ir kraujagysli\u0173 siste\u00admas. \u012erodyta, kad net gana \u017eemas, 42 decibel\u0173, triuk\u0161mo lygis gali sutrikdyti mieg\u0105, sukelti nemig\u0105 ir kitas ligas.<\/p>\n<p>\u201eTurime labai ai\u0161k\u0173 garso apibr\u0117\u017eim\u0105. Nepageidaujamas garsas jau yra triuk\u0161mas, kuris gali bloginti gyvenimo komforto s\u0105lygas. Pastaraisiais metais d\u0117l to kreipiamasi vis da\u017eniau\u201c, &#8211; pripa\u017e\u012fsta Vilniaus Gedimino technikos universiteto Termoizoliacijos mokslo instituto Akustikos laboratorijos ved\u0117jas <em><strong>dr.\u00a0Aleksandras Jagniatinskis<\/strong><\/em>.<\/p>\n<p>Mokslininkas tai sieja ir su \u0161al\u012f ap\u0117musiu statyb\u0173 bumu, ir su pilietin\u0117s visuomen\u0117s stipr\u0117jimu. Brang\u0173 nekilnojam\u0105j\u012f turt\u0105 \u012fsigij\u0119 \u017emon\u0117s vis da\u017eniau nebelink\u0119 taikstytis su nepakankama apsauga nuo triuk\u0161mo &#8211; jie kelia akustini\u0173 s\u0105lyg\u0173 gerinimo reikalavimus b\u016bsto pardav\u0117jams, ie\u0161ko pagalbos pas specialistus.<\/p>\n<p>\u201eSvarbu garsiai kalb\u0117ti. Nes kol vyksta u\u017edaras dialogas tik tarp gyventojo ir statytojo, pastarieji link\u0119 \u017ei\u016br\u0117ti tik \u012f savus interesus. Jiems svarbiau ne kaip gerai pastatyti, o kaip s\u0117kmingai parduoti. O jeigu dar ir n\u0117ra grie\u017etos kontrol\u0117s sistemos, n\u0117ra ir mechanizmo, kaip u\u017etikrinti privalom\u0173 reikala\u00advim\u0173 \u012fgyvendinim\u0105\u201c, &#8211; teigia <em><strong>A. Jagniatinskis<\/strong><\/em>.<\/p>\n<p style=\"text-align: right;\"><em>Parengta pagal dienra\u0161t\u012f \u201eVakaro \u017einios\u201c<\/em><\/p>\n<p>\u0160altinis:\u00a0 <a href=\"http:\/\/www.respublika.lt\/lt\/naujienos\/lietuva\/kitos_lietuvos_zinios\/nuo_triuksmo__popieriai__neapsaugo\/\" target=\"_blank\" rel=\"noopener\">www.respublika.lt\/lt\/naujienos<\/a><strong><br \/>\n<\/strong><\/p>\n<p><strong>Susij\u0119 straipsniai:<\/strong><\/p>\n<p><a href=\"http:\/\/las-akustika.lt\/index.php\/inad-2017\/\" target=\"_blank\" rel=\"noopener\">VGTU Architekt\u016bros fakultetas sukviet\u0117 INAD 2017 dalyvius<\/a><\/p>\n","protected":false},"excerpt":{"rendered":"<p>Nuo triuk\u0161mo popieriai neapsaugo 2017-04-27 Kuo daugiau statyb\u0173, tuo daugiau akustine savo b\u016bsto kokybe nepatenkint\u0173 gyventoj\u0173. Ir nors esame apsir\u016bpin\u0119 visomis nuo neigiamo triuk\u0161mo poveikio saugan\u010diomis teisin\u0117mis direktyvomis, gyvenime j\u0173&#8230;<br \/><a class=\"read-more-button\" href=\"http:\/\/xnoise.lt\/index.php\/nuo-triuksmo-popieriai-neapsaugo\/\">Read more<\/a><\/p>\n","protected":false},"author":1,"featured_media":0,"parent":0,"menu_order":0,"comment_status":"closed","ping_status":"closed","template":"template-without-title.php","meta":{"footnotes":""},"class_list":["post-251","page","type-page","status-publish","hentry"],"_links":{"self":[{"href":"http:\/\/xnoise.lt\/index.php\/wp-json\/wp\/v2\/pages\/251","targetHints":{"allow":["GET"]}}],"collection":[{"href":"http:\/\/xnoise.lt\/index.php\/wp-json\/wp\/v2\/pages"}],"about":[{"href":"http:\/\/xnoise.lt\/index.php\/wp-json\/wp\/v2\/types\/page"}],"author":[{"embeddable":true,"href":"http:\/\/xnoise.lt\/index.php\/wp-json\/wp\/v2\/users\/1"}],"replies":[{"embeddable":true,"href":"http:\/\/xnoise.lt\/index.php\/wp-json\/wp\/v2\/comments?post=251"}],"version-history":[{"count":1,"href":"http:\/\/xnoise.lt\/index.php\/wp-json\/wp\/v2\/pages\/251\/revisions"}],"predecessor-version":[{"id":2039,"href":"http:\/\/xnoise.lt\/index.php\/wp-json\/wp\/v2\/pages\/251\/revisions\/2039"}],"wp:attachment":[{"href":"http:\/\/xnoise.lt\/index.php\/wp-json\/wp\/v2\/media?parent=251"}],"curies":[{"name":"wp","href":"https:\/\/api.w.org\/{rel}","templated":true}]}}