{"id":243,"date":"2018-07-02T13:56:37","date_gmt":"2018-07-02T11:56:37","guid":{"rendered":"http:\/\/www.xnoise.lt\/?page_id=243"},"modified":"2018-07-02T13:56:37","modified_gmt":"2018-07-02T11:56:37","slug":"konferencijos-anotacijos","status":"publish","type":"page","link":"http:\/\/xnoise.lt\/index.php\/konferencijos-anotacijos\/","title":{"rendered":"Tarptautin\u0117 konferencija. Anotacijos"},"content":{"rendered":"<h5><span style=\"font-family: Tahoma;\">Tarptautin\u0117s mokslin\u0117s konferencijos <strong>&#8222;Akustin\u0117s pastat\u0173 ir j\u0173 aplinkos savyb\u0117s<\/strong>&#8221; prane\u0161im\u0173 anotacij\u0173 s\u0105ra\u0161as:<\/span><\/h5>\n<p>&nbsp;<\/p>\n<table width=\"750\">\n<thead>\n<tr>\n<td width=\"63\"><strong>Eil\u0117s Nr.<\/strong><\/td>\n<td width=\"534\"><strong>PRANE\u0160IMO ANTRA\u0160T\u0116<\/strong><\/td>\n<td width=\"105\"><\/td>\n<\/tr>\n<\/thead>\n<tbody>\n<tr>\n<td width=\"61\">01<\/td>\n<td width=\"533\"><span style=\"color: #808080;\">THE SOUND CLASSIFICATION SCHEME OF BUILDINGS AS A LITHUANIAN\u00a0 REGULATION FOR PROTECTION AGAINST NOISE: 10 YEARS USAGE EXPERIENCE \/<\/span> PASTAT\u0172 APSAUGOS NUO TRIUK\u0160MO REGLAMENTAVIMAS LIETUVOJE NAUDOJANT GARSO KLASIFIKAVIMO SCHEM\u0104: DE\u0160IMTIES MET\u0172 PRAKTINIO TAIKYMO PATIRTIS.<br \/>\n<em>\u00a0\u00a0 <\/em><em>Aleksandras Jagniatinskis, Marius Mickaitis, Boris Fiks<\/em><\/td>\n<td width=\"104\"><a href=\"http:\/\/acoustic.vgtu.lt\/index.php\/apas\/apas14\/paper\/view\/4\/4\" target=\"_blank\" rel=\"noopener\">PDF<\/a><\/td>\n<\/tr>\n<tr>\n<td width=\"61\"><\/td>\n<td width=\"533\"><\/td>\n<td width=\"104\"><\/td>\n<\/tr>\n<tr>\n<td width=\"61\">02<\/td>\n<td width=\"533\"><span style=\"color: #808080;\">AN ACOUSTIC CLASSIFICATION SCHEME FOR HOUSING \u2013 POSSIBILITIES OF\u00a0 ADOPTING COST TU0901 CONCLUSIONS IN HUNGARY \/<\/span> AKUSTINIO KLASIFIKAVIMO SCHEMA GYVENAMIESIEMS PASTATAMS \u2013 GALIMYB\u0116S PRITAIKYTI COST TU0901 I\u0160VADAS VENGRIJOJE.<br \/>\n<em>\u00a0\u00a0 <\/em><em>Attila B. Nagy<\/em><\/td>\n<td width=\"104\"><a href=\"http:\/\/acoustic.vgtu.lt\/index.php\/apas\/apas14\/paper\/view\/5\/5\" target=\"_blank\" rel=\"noopener\">PDF<\/a><\/td>\n<\/tr>\n<tr>\n<td width=\"61\"><\/td>\n<td width=\"533\"><\/td>\n<td width=\"104\"><\/td>\n<\/tr>\n<tr>\n<td width=\"61\">03<\/td>\n<td width=\"533\"><span style=\"color: #808080;\">INVESTIGATION OF IMPACT SOUND PRESSURE LEVEL REDUCTION OF FLOATING\u00a0 FLOOR USING THE SMALL SPECIMENS IN THE REAL BUILDING \/<\/span> JUDRI\u0172J\u0172 GRIND\u0172 SM\u016aGIO GARSO SL\u0116GIO LYGIO SUMA\u017d\u0116JIMO TYRIMAS REALIUOSE PASTATUOSE NAUDOJANT MA\u017dUS BANDINIUS.<br \/>\n<em>\u00a0\u00a0 <\/em><em>K\u0119stutis Mi\u0161kinis, Vidmantas Dikavi\u010dius<\/em><\/td>\n<td width=\"104\"><a href=\"http:\/\/acoustic.vgtu.lt\/index.php\/apas\/apas14\/paper\/view\/6\/6\" target=\"_blank\" rel=\"noopener\">PDF<\/a><\/td>\n<\/tr>\n<tr>\n<td width=\"61\"><\/td>\n<td width=\"533\"><\/td>\n<td width=\"104\"><\/td>\n<\/tr>\n<tr>\n<td width=\"61\">04<\/td>\n<td width=\"533\"><span style=\"color: #808080;\">THE DEFINITION OF THE SCIENCE OF ACOUSTICS AND ITS PRACTICAL SIGNIFICANCE \/<\/span> AKUSTIKOS MOKSLO SAMPRATA IR PRAKTIN\u0116 REIK\u0160M\u0116.<br \/>\n<em>\u00a0\u00a0 <\/em><em>Danielius Gu\u017eas<\/em><\/td>\n<td width=\"104\"><a href=\"http:\/\/acoustic.vgtu.lt\/index.php\/apas\/apas14\/paper\/view\/7\/7\" target=\"_blank\" rel=\"noopener\">PDF<\/a><\/td>\n<\/tr>\n<tr>\n<td width=\"61\"><\/td>\n<td width=\"533\"><\/td>\n<td width=\"104\"><\/td>\n<\/tr>\n<tr>\n<td width=\"61\">05<\/td>\n<td width=\"533\"><span style=\"color: #808080;\">CONTEMPORARY TWO-STOREY CHURCHES \u2013 ACOUSTIC INVESTIGATIONS \/<\/span> \u0160IUOLAIKIN\u0116S DVIEJ\u0172 AUK\u0160T\u0172 BA\u017dNY\u010cIOS \u2013 AKUSTINIS TYRIMAS.<br \/>\n<em>\u00a0\u00a0 <\/em><em>Anna Sygulska<\/em><\/td>\n<td width=\"104\"><a href=\"http:\/\/acoustic.vgtu.lt\/index.php\/apas\/apas14\/paper\/view\/8\/8\" target=\"_blank\" rel=\"noopener\">PDF<\/a><\/td>\n<\/tr>\n<tr>\n<td width=\"61\"><\/td>\n<td width=\"533\"><\/td>\n<td width=\"104\"><\/td>\n<\/tr>\n<tr>\n<td width=\"61\">06<\/td>\n<td width=\"533\"><span style=\"color: #808080;\">PRACTICAL APPLICATIONS OF FLOATING CONSTRUCTIONS WITH MINERAL WOOL SLABS ON CONCRETE BASE FLOOR FOR TIGHTENED SOUND INSULATION \/<\/span> PRAKTINIS JUDRI\u0172J\u0172 GRIND\u0172 KONSTRUKCIJOS SU MINERALIN\u0116S VATOS PLOK\u0160T\u0116MIS ANT BETONINIO PAGRINDO TAIKYMAS SIEKIANT PAGERINTI GARSO IZOLIACIJ\u0104.<br \/>\n<em>\u00a0\u00a0 <\/em><em>Raimundas \u0160lekys, Aleksandras Jagniatinskis, Ritoldas \u0160ukys<\/em><\/td>\n<td width=\"104\"><a href=\"http:\/\/acoustic.vgtu.lt\/index.php\/apas\/apas14\/paper\/view\/9\/9\" target=\"_blank\" rel=\"noopener\">PDF<\/a><\/td>\n<\/tr>\n<tr>\n<td width=\"61\"><\/td>\n<td width=\"533\"><\/td>\n<td width=\"104\"><\/td>\n<\/tr>\n<tr>\n<td width=\"61\">07<\/td>\n<td width=\"533\"><span style=\"color: #808080;\">INVESTIGATION OF REVERBERATION TIME IN DIFFERENT PURPOSE ROOMS \/<\/span> \u012eVAIRIOS PASKIRTIES PATALP\u0172 AID\u0116JIMO TRUKM\u0116S TYRIMAI.<br \/>\n<em>\u00a0\u00a0 <\/em><em>Marius Mickaitis, Jonas Anu\u0161kevi\u010dius, Boris Fiks, Mindaugas Skomskis<\/em><\/td>\n<td width=\"104\"><a href=\"http:\/\/acoustic.vgtu.lt\/index.php\/apas\/apas14\/paper\/view\/10\/10\" target=\"_blank\" rel=\"noopener\">PDF<\/a><\/td>\n<\/tr>\n<tr>\n<td width=\"61\"><\/td>\n<td width=\"533\"><\/td>\n<td width=\"104\"><\/td>\n<\/tr>\n<tr>\n<td width=\"61\">08<\/td>\n<td width=\"533\"><span style=\"color: #808080;\">STATISTICS OF SUBJECTIVE ASSESSMENT OF SOUND: DETECTION OF OUTLIERS AND EVALUATION OF THEIR CONTRIBUTION \/<\/span> SUBJEKTYVAUS GARSO VERTINIMO STATISTIKA: NEATITIK\u010cI\u0172 APTIKIMAS IR VERTINIMAS.<br \/>\n<em>\u00a0\u00a0 <\/em><em>Samir N. Y. Gerges<\/em><\/td>\n<td width=\"104\"><a href=\"http:\/\/acoustic.vgtu.lt\/index.php\/apas\/apas14\/paper\/view\/11\/11\" target=\"_blank\" rel=\"noopener\">PDF<\/a><\/td>\n<\/tr>\n<tr>\n<td width=\"61\"><\/td>\n<td width=\"533\"><\/td>\n<td width=\"104\"><\/td>\n<\/tr>\n<tr>\n<td width=\"61\">09<\/td>\n<td width=\"533\"><span style=\"color: #808080;\">CRITERIA FOR AIRCRAFT NOISE CONTROL AROUND AIRPORTS AND THEIR ROLE IN REACHING THE STRATEGIC GOALS IN ENVIRONMENTAL PROTECTION FROM AVIATION IMPACT \/<\/span> ORLAIVI\u0172 KELIAMO TRIUK\u0160MO ORO UOSTO APLINKOJE KONTROL\u0116S RODIKLIAI IR J\u0172 VAIDMUO SIEKIANT STRATEGINI\u0172 APLINKOS APSAUGOS NUO AVIACIJOS POVEIKIO TIKSL\u0172.<br \/>\n<em>\u00a0\u00a0 <\/em><em>Oleksandr Zaporozhets<\/em><\/td>\n<td width=\"104\"><a href=\"http:\/\/acoustic.vgtu.lt\/index.php\/apas\/apas14\/paper\/view\/12\/12\" target=\"_blank\" rel=\"noopener\">PDF<\/a><\/td>\n<\/tr>\n<tr>\n<td width=\"61\"><\/td>\n<td width=\"533\"><\/td>\n<td width=\"104\"><\/td>\n<\/tr>\n<tr>\n<td width=\"61\">10<\/td>\n<td width=\"533\"><span style=\"color: #808080;\">DRAFT OF THE GUIDANCE DOCUMENT OF THE RUSSIAN FEDERATION ON JUSTIFICATION OF SANITARY PROTECTION ZONES AROUND AIRPORTS \/<\/span> REKOMENDACINIO RUSIJOS FEDERACIJOS DOKUMENTO, REGLAMENTUOJAN\u010cIO HIGIENINES APSAUGOS ZONAS GRETA ORO UOST\u0172, PROJEKTAS.<br \/>\n<em>\u00a0\u00a0 <\/em><em>Oleg Kartyshev<\/em><\/td>\n<td width=\"104\"><a href=\"http:\/\/acoustic.vgtu.lt\/index.php\/apas\/apas14\/paper\/view\/13\/13\" target=\"_blank\" rel=\"noopener\">PDF<\/a><\/td>\n<\/tr>\n<tr>\n<td width=\"61\"><\/td>\n<td width=\"533\"><\/td>\n<td width=\"104\"><\/td>\n<\/tr>\n<tr>\n<td width=\"61\">11<\/td>\n<td width=\"533\"><span style=\"color: #808080;\">NOISE INDICES FOR AIRCRAFT NOISE EVENT ASSESSMENT ANALYSIS WITH THEIR DEPENDENCE FROM MEASUREMENT ISSUES AND IMPACT ASSESSMENT \/<\/span> ORLAIVI\u0172 SUKELIAMO TRIUK\u0160MO \u012eVERTINIMO RODIKLIAI IR J\u0172 PRIKLAUSOMYB\u0116 NUO MATAVIM\u0172 IR J\u0172 \u012eTAKOS \u012eVERTINIMAS.<br \/>\nAndrzej Chyla, Michal Buka\u0142a<\/td>\n<td width=\"104\"><a href=\"http:\/\/acoustic.vgtu.lt\/index.php\/apas\/apas14\/paper\/view\/14\/14\" target=\"_blank\" rel=\"noopener\">PDF<\/a><\/td>\n<\/tr>\n<tr>\n<td width=\"61\"><\/td>\n<td width=\"533\"><\/td>\n<td width=\"104\"><\/td>\n<\/tr>\n<tr>\n<td width=\"61\">12<\/td>\n<td width=\"533\"><span style=\"color: #808080;\">NOISE CLIMATE IN COMMUNITIES CLOSE TO MADRID AIRPORT \/<\/span> AKUSTINIS KLIMATAS GRETA MADRIDO ORO UOSTO ESAN\u010cIOSE GYVENVIET\u0116SE.<br \/>\n<em>Nico van Oosten<\/em><\/td>\n<td width=\"104\"><a href=\"http:\/\/acoustic.vgtu.lt\/index.php\/apas\/apas14\/paper\/view\/15\/15\" target=\"_blank\" rel=\"noopener\">PDF<\/a><\/td>\n<\/tr>\n<tr>\n<td width=\"61\"><\/td>\n<td width=\"533\"><\/td>\n<td width=\"104\"><\/td>\n<\/tr>\n<tr>\n<td width=\"61\">13<\/td>\n<td width=\"533\"><span style=\"color: #808080;\">DETAILED CALCULATION METHOD FOR AIRCRAFT NOISE MAPPING BASED ON VERIFIED INPUT DATA FROM MEASUREMENTS \/<\/span> DETALUS ORLAIVI\u0172 TRIUK\u0160MO \u017dEM\u0116LAPI\u0172 SKAI\u010cIAVIMO METODAS PAGR\u012eSTAS MATAVIMO B\u016aDU GAUTAIS \u012eVESTIES DUOMENIMIS.<br \/>\n<em>\u00a0\u00a0 <\/em><em>Mikhail Kartyshev, Yuriy Zakharov, Oleg Kartyshev<\/em><\/td>\n<td width=\"104\"><a href=\"http:\/\/acoustic.vgtu.lt\/index.php\/apas\/apas14\/paper\/view\/16\/16\" target=\"_blank\" rel=\"noopener\">PDF<\/a><\/td>\n<\/tr>\n<tr>\n<td width=\"61\"><\/td>\n<td width=\"533\"><\/td>\n<td width=\"104\"><\/td>\n<\/tr>\n<tr>\n<td width=\"61\">14<\/td>\n<td width=\"533\"><span style=\"color: #808080;\">INTERDEPENDENCY ANALYSIS OF CURRENT AND FUTURE CRITERIA AND THEIR LIMITS FOR AIRCRAFT NOISE CONTROL IN URBAN AREAS \/<\/span> TARPUSAVIO PRIKLAUSOMYB\u0116S ANALIZ\u0116 TARP DABARTINI\u0172 IR B\u016aSIM\u0172 ORLAIVIO TRIUK\u0160MO KONTROL\u0116S URBANIZUOTOJE APLINKOJE RODIKLI\u0172.<br \/>\n<em>\u00a0\u00a0 <\/em><em>Oleksandr Zaporozhets, Olena Konovalova, Vadim Tokarev, Katerina Kazhan, Katerina\u00a0Synylo<\/em><\/td>\n<td width=\"104\"><a href=\"http:\/\/acoustic.vgtu.lt\/index.php\/apas\/apas14\/paper\/view\/17\/17\" target=\"_blank\" rel=\"noopener\">PDF<\/a><\/td>\n<\/tr>\n<tr>\n<td width=\"61\"><\/td>\n<td width=\"533\"><\/td>\n<td width=\"104\"><\/td>\n<\/tr>\n<tr>\n<td width=\"61\">15<\/td>\n<td width=\"533\"><span style=\"color: #808080;\">CORRELATIVE ANALYSIS OF NOISE PROPAGATION \/<\/span>\u00a0 KORELIATYVI TRIUK\u0160MO SKLAIDOS ANALIZ\u0116.<br \/>\n<em>\u00a0\u00a0 <\/em><em>Juozas Skeivalas, Pranas Baltr\u0117nas, Raimundas Grubliauskas, Tomas Janu\u0161evi\u010dius<\/em><\/td>\n<td width=\"104\"><a href=\"http:\/\/acoustic.vgtu.lt\/index.php\/apas\/apas14\/paper\/view\/18\/18\" target=\"_blank\" rel=\"noopener\">PDF<\/a><\/td>\n<\/tr>\n<tr>\n<td width=\"61\"><\/td>\n<td width=\"533\"><\/td>\n<td width=\"104\"><\/td>\n<\/tr>\n<\/tbody>\n<\/table>\n","protected":false},"excerpt":{"rendered":"<p>Tarptautin\u0117s mokslin\u0117s konferencijos &#8222;Akustin\u0117s pastat\u0173 ir j\u0173 aplinkos savyb\u0117s&#8221; prane\u0161im\u0173 anotacij\u0173 s\u0105ra\u0161as: &nbsp; Eil\u0117s Nr. PRANE\u0160IMO ANTRA\u0160T\u0116 01 THE SOUND CLASSIFICATION SCHEME OF BUILDINGS AS A LITHUANIAN\u00a0 REGULATION FOR PROTECTION&#8230;<br \/><a class=\"read-more-button\" href=\"http:\/\/xnoise.lt\/index.php\/konferencijos-anotacijos\/\">Read more<\/a><\/p>\n","protected":false},"author":1,"featured_media":0,"parent":0,"menu_order":0,"comment_status":"closed","ping_status":"closed","template":"template-without-title.php","meta":{"footnotes":""},"class_list":["post-243","page","type-page","status-publish","hentry"],"_links":{"self":[{"href":"http:\/\/xnoise.lt\/index.php\/wp-json\/wp\/v2\/pages\/243","targetHints":{"allow":["GET"]}}],"collection":[{"href":"http:\/\/xnoise.lt\/index.php\/wp-json\/wp\/v2\/pages"}],"about":[{"href":"http:\/\/xnoise.lt\/index.php\/wp-json\/wp\/v2\/types\/page"}],"author":[{"embeddable":true,"href":"http:\/\/xnoise.lt\/index.php\/wp-json\/wp\/v2\/users\/1"}],"replies":[{"embeddable":true,"href":"http:\/\/xnoise.lt\/index.php\/wp-json\/wp\/v2\/comments?post=243"}],"version-history":[{"count":0,"href":"http:\/\/xnoise.lt\/index.php\/wp-json\/wp\/v2\/pages\/243\/revisions"}],"wp:attachment":[{"href":"http:\/\/xnoise.lt\/index.php\/wp-json\/wp\/v2\/media?parent=243"}],"curies":[{"name":"wp","href":"https:\/\/api.w.org\/{rel}","templated":true}]}}