{"id":204,"date":"2018-06-19T12:50:31","date_gmt":"2018-06-19T10:50:31","guid":{"rendered":"http:\/\/www.xnoise.lt\/?page_id=204"},"modified":"2023-04-19T12:23:21","modified_gmt":"2023-04-19T09:23:21","slug":"organizuoti-renginiai","status":"publish","type":"page","link":"http:\/\/xnoise.lt\/index.php\/organizuoti-renginiai\/","title":{"rendered":"Organizuoti renginiai"},"content":{"rendered":"<p>&nbsp;<\/p>\n<p><img loading=\"lazy\" decoding=\"async\" class=\"alignnone wp-image-388 size-full\" src=\"http:\/\/www.xnoise.lt\/wp-content\/uploads\/2018\/07\/CEAS_XNOISE_Workshop_Vilnius.jpg\" alt=\"\" width=\"906\" height=\"95\"><\/p>\n<table width=\"100%\">\n<tbody>\n<tr>\n<th style=\"background-color: #dcedfc; width: 100%;\" width=\"100%\"><span style=\"color: #5694d8;\"><strong>RENGINI\u0172<\/strong><strong> MED\u017dIAGA <\/strong><\/span><\/th>\n<\/tr>\n<\/tbody>\n<\/table>\n<table style=\"border-color: #d7f2fc;\">\n<tbody>\n<tr>\n<td>Tarptautin\u0117 mokslin\u0117 konferencija<\/p>\n<h3><strong><span style=\"color: #333399;\">AKUSTIN\u0116S PASTAT\u0172 IR J\u0172 APLINKOS SAVYB\u0116S<\/span> <\/strong><\/h3>\n<p>(ACOUSTIC CLIMATE INSIDE AND OUTSIDE OF BUILDINGS),<br \/>\n<em>2014 m. rugs\u0117jo 23 d.,&nbsp;Vilnius<\/em><\/td>\n<td>[<a href=\"http:\/\/www.xnoise.lt\/index.php\/language\/lt\/konferencijos-anotacijos\/\">parne\u0161im\u0173 anotacijos<\/a>]<br \/>\n[<a href=\"http:\/\/www.xnoise.lt\/wp-content\/uploads\/2018\/07\/program_acoustic_Vilnius_2014.pdf\" target=\"_blank\" rel=\"noopener\">programa<\/a>]<br \/>\n[<a href=\"http:\/\/www.xnoise.lt\/wp-content\/uploads\/2018\/07\/conference_Vilnius_2014.pdf\" target=\"_blank\" rel=\"noopener\">lankstinukas<\/a>]<br \/>\nsusij\u0119 straipsniai*<\/td>\n<\/tr>\n<tr>\n<td><\/td>\n<td><\/td>\n<\/tr>\n<tr>\n<td>Tarptautinis seminaras<\/p>\n<h3><span style=\"color: #333399;\"><strong>ORLAIVI\u0172 KELIAMO TRIUK\u0160MO MA\u017dINIMAS TAIKANT ORO SRAUT\u0172 KONTROL\u0118 IR AKTYVIUS \/ LANKS\u010cIUS METODUS <\/strong><\/span><\/h3>\n<p>(AIRCRAFT NOISE REDUCTION BY FLOW CONTROL AND ACTIVE\/ADAPTIVE TECHNIQUE),<em><br \/>\n2014 m. rugs\u0117jo 25-26 d.d.,&nbsp;Vilnius<\/em><\/td>\n<td>[<a href=\"http:\/\/www.xnoise.lt\/index.php\/language\/lt\/tarptautinis-seminaras-anotacijos\/\">prane\u0161im\u0173 anotacijos<\/a>]<br \/>\n[<a href=\"http:\/\/www.xnoise.lt\/wp-content\/uploads\/2018\/07\/program_ceas_18workshop_Vilnius2014.pdf\" target=\"_blank\" rel=\"noopener\">programa<\/a>]<br \/>\n[<a href=\"http:\/\/www.xnoise.lt\/wp-content\/uploads\/2018\/07\/flyer_CEAS_Vilnius_2014_woa.pdf\" target=\"_blank\" rel=\"noopener\">lankstinukas<\/a>]<br \/>\nsusij\u0119 straipsniai*<\/td>\n<\/tr>\n<\/tbody>\n<\/table>\n<p>&nbsp;<\/p>\n<p>* <strong>Susij\u0119 straipsniai<\/strong>:<\/p>\n<p><a href=\"http:\/\/www.xnoise.lt\/index.php\/language\/lt\/tarptautine-konferencija-akustiniai-tyrimai-svarbus-ir-statybose-ir-aviacijoje\/\">Tarptautin\u0117 konferencija: akustiniai tyrimai svarb\u016bs ir statybose, ir aviacijoje<\/a><\/p>\n<p><a href=\"http:\/\/www.xnoise.lt\/index.php\/language\/lt\/mazesnis-garsas-nereiskia-didesniu-statybos-sanaudu\/\">Ma\u017eesnis garsas nerei\u0161kia didesni\u0173 statybos s\u0105naud\u0173, reikia tik kokybi\u0161kesnio statybinink\u0173 darbo ir statybos produkt\u0173 kontrol\u0117s<\/a><\/p>\n<p>&nbsp;<\/p>\n<p>Vis\u0105 informacij\u0105 apie Vilniuje organizuot\u0105 Tarptautinio FP7 mokslo projekto X-Noise&nbsp;EV konferencij\u0105 ir CEAS \/ X\u2011Noise tinklo seminar\u0105 <a href=\"http:\/\/www.xnoise.lt\/index.php\/language\/en\/conference-and-workshop-vilnius-2014\/\">rasite \u010dia<\/a>&#8230;<\/p>\n<p>&nbsp;<\/p>\n","protected":false},"excerpt":{"rendered":"<p>&nbsp; RENGINI\u0172 MED\u017dIAGA Tarptautin\u0117 mokslin\u0117 konferencija AKUSTIN\u0116S PASTAT\u0172 IR J\u0172 APLINKOS SAVYB\u0116S (ACOUSTIC CLIMATE INSIDE AND OUTSIDE OF BUILDINGS), 2014 m. rugs\u0117jo 23 d.,&nbsp;Vilnius [parne\u0161im\u0173 anotacijos] [programa] [lankstinukas] susij\u0119 straipsniai*&#8230;<br \/><a class=\"read-more-button\" href=\"http:\/\/xnoise.lt\/index.php\/organizuoti-renginiai\/\">Read more<\/a><\/p>\n","protected":false},"author":1,"featured_media":0,"parent":0,"menu_order":0,"comment_status":"closed","ping_status":"closed","template":"","meta":{"footnotes":""},"class_list":["post-204","page","type-page","status-publish","hentry"],"_links":{"self":[{"href":"http:\/\/xnoise.lt\/index.php\/wp-json\/wp\/v2\/pages\/204","targetHints":{"allow":["GET"]}}],"collection":[{"href":"http:\/\/xnoise.lt\/index.php\/wp-json\/wp\/v2\/pages"}],"about":[{"href":"http:\/\/xnoise.lt\/index.php\/wp-json\/wp\/v2\/types\/page"}],"author":[{"embeddable":true,"href":"http:\/\/xnoise.lt\/index.php\/wp-json\/wp\/v2\/users\/1"}],"replies":[{"embeddable":true,"href":"http:\/\/xnoise.lt\/index.php\/wp-json\/wp\/v2\/comments?post=204"}],"version-history":[{"count":1,"href":"http:\/\/xnoise.lt\/index.php\/wp-json\/wp\/v2\/pages\/204\/revisions"}],"predecessor-version":[{"id":2366,"href":"http:\/\/xnoise.lt\/index.php\/wp-json\/wp\/v2\/pages\/204\/revisions\/2366"}],"wp:attachment":[{"href":"http:\/\/xnoise.lt\/index.php\/wp-json\/wp\/v2\/media?parent=204"}],"curies":[{"name":"wp","href":"https:\/\/api.w.org\/{rel}","templated":true}]}}