{"id":1959,"date":"2022-01-14T15:36:09","date_gmt":"2022-01-14T13:36:09","guid":{"rendered":"http:\/\/xnoise.lt\/?page_id=1959"},"modified":"2022-05-10T17:03:10","modified_gmt":"2022-05-10T14:03:10","slug":"pasibaige-renginiai","status":"publish","type":"page","link":"http:\/\/xnoise.lt\/index.php\/http-xnoise-lt-page_id551\/pasibaige-renginiai\/","title":{"rendered":"Pasibaig\u0119 renginiai"},"content":{"rendered":"\n<h2 class=\"has-cyan-bluish-gray-background-color has-background wp-block-heading\">Pasibaig\u0119 renginiai<\/h2>\n\n\n<ul class=\"ecs-event-list\"><li class=\"ecs-event virtualus-lt_ecs_category\"><h4 class=\"entry-title summary\"><a href=\"http:\/\/xnoise.lt\/index.php\/renginys\/baltijos-ir-siaures-saliu-akustiku-susitikimas-bnam-2021\/\" rel=\"bookmark\">Baltijos ir \u0160iaur\u0117s \u0161ali\u0173 akustik\u0173 susitikimas (BNAM 2021)<\/a><\/h4><span class=\"duration time\"><span class=\"tribe-event-date-start\">2021 Geg 2 @ 9:00<\/span> &#8211; <span class=\"tribe-event-date-end\">2021 Geg 5 @ 17:00<\/span> <span class='timezone'> EEST <\/span><\/span><\/li><li class=\"ecs-event virtualus-lt_ecs_category\"><h4 class=\"entry-title summary\"><a href=\"http:\/\/xnoise.lt\/index.php\/renginys\/27-asis-tarptautinis-garso-ir-vibracijos-kongresas-icsv27\/\" rel=\"bookmark\">27-asis tarptautinis garso ir vibracijos kongresas (ICSV27). Praha, \u010cekija<\/a><\/h4><span class=\"duration time\"><span class=\"tribe-event-date-start\">2021 Lie 11<\/span> &#8211; <span class=\"tribe-event-date-end\">2021 Lie 16<\/span><\/span><\/li><li class=\"ecs-event renginys-lt_ecs_category virtualus-lt_ecs_category\"><h4 class=\"entry-title summary\"><a href=\"http:\/\/xnoise.lt\/index.php\/renginys\/konferencija-inter-noise-2021\/\" rel=\"bookmark\">Konferencija INTER-NOISE 2021<\/a><\/h4><span class=\"duration time\"><span class=\"tribe-event-date-start\">2021 Rgp 1<\/span> &#8211; <span class=\"tribe-event-date-end\">2021 Rgp 5<\/span><\/span><\/li><li class=\"ecs-event renginys-lt_ecs_category\"><h4 class=\"entry-title summary\"><a href=\"http:\/\/xnoise.lt\/index.php\/renginys\/27-oji-tarptautine-triuksmo-supratimo-diena-inad\/\" rel=\"bookmark\">27-oji Tarptautin\u0117 triuk\u0161mo supratimo diena (INAD)<\/a><\/h4><span class=\"duration time\"><span class=\"tribe-event-date-start\">2022 Bal 27<\/span><\/span><\/li><li class=\"ecs-event renginys-lt_ecs_category\"><h4 class=\"entry-title summary\"><a href=\"http:\/\/xnoise.lt\/index.php\/renginys\/tarptautine-vejo-turbinu-triuksmo-konferencija-icwtn-2022\/\" rel=\"bookmark\">Tarptautin\u0117 v\u0117jo turbin\u0173 triuk\u0161mo konferencija (ICWTN 2022)<\/a><\/h4><span class=\"duration time\"><span class=\"tribe-event-date-start\">2022 Lie 28<\/span> &#8211; <span class=\"tribe-event-date-end\">2022 Lie 29<\/span><\/span><\/li><\/ul><script type=\"application\/ld+json\">\r\n[{\"@context\":\"http:\/\/schema.org\",\"@type\":\"Event\",\"name\":\"Baltijos ir \\u0160iaur\\u0117s \\u0161ali\\u0173 akustik\\u0173 susitikimas (BNAM 2021)\",\"description\":\"&lt;p&gt;BNAM yra kas dveji metai vykstantis Baltijos ir \\u0160iaur\\u0117s \\u0161ali\\u0173 akustik\\u0173 susitikimas (BNAM), kuris NAA (Nordic Acoustics Association) vardu organizuoja viena i\\u0161 \\u0160iaur\\u0117s \\u0161ali\\u0173 akustik\\u0173 asociacijos nari\\u0173 draugij\\u0173. 2021 metais...&lt;br \/&gt;&lt;a class=&quot;read-more-button&quot; href=&quot;http:\/\/xnoise.lt\/index.php\/renginys\/baltijos-ir-siaures-saliu-akustiku-susitikimas-bnam-2021\/&quot;&gt;Read more&lt;\/a&gt;&lt;\/p&gt;\\\\n\",\"image\":\"http:\/\/xnoise.lt\/wp-content\/uploads\/2021\/05\/logo_bnam2020_2021.png\",\"url\":\"http:\/\/xnoise.lt\/index.php\/renginys\/baltijos-ir-siaures-saliu-akustiku-susitikimas-bnam-2021\/\",\"eventAttendanceMode\":\"https:\/\/schema.org\/OfflineEventAttendanceMode\",\"eventStatus\":\"https:\/\/schema.org\/EventScheduled\",\"startDate\":\"2021-05-02T09:00:00+03:00\",\"endDate\":\"2021-05-05T17:00:00+03:00\",\"location\":{\"@type\":\"Place\",\"name\":\"Virtualiai\",\"description\":\"\",\"url\":\"\",\"address\":{\"@type\":\"PostalAddress\"},\"telephone\":\"\",\"sameAs\":\"\"},\"organizer\":{\"@type\":\"Person\",\"name\":\"Nordic Acoustics Association (NAA)\",\"description\":\"\",\"url\":\"\",\"telephone\":\"\",\"email\":\"\",\"sameAs\":\"\"},\"performer\":\"Organization\"},{\"@context\":\"http:\/\/schema.org\",\"@type\":\"Event\",\"name\":\"27-asis tarptautinis garso ir vibracijos kongresas (ICSV27). Praha, \\u010cekija\",\"description\":\"&lt;p&gt;&nbsp; 27-asis tarptautinis garso ir vibracijos kongresas (ICSV27). Praha, \\u010cekija D\\u0117l \\u201eCovid-19\\u201c situacijos ICSV27 taps visi\\u0161kai virtualus. Jis vyks pagal tvarkara\\u0161t\\u012f 2021\\u00a0m. liepos 11-16 dienomis. D\\u0117l skirting\\u0173 laiko juost\\u0173 visame...&lt;br \/&gt;&lt;a class=&quot;read-more-button&quot; href=&quot;http:\/\/xnoise.lt\/index.php\/renginys\/27-asis-tarptautinis-garso-ir-vibracijos-kongresas-icsv27\/&quot;&gt;Read more&lt;\/a&gt;&lt;\/p&gt;\\\\n\",\"image\":\"http:\/\/xnoise.lt\/wp-content\/uploads\/2021\/05\/logo_ICSV27.png\",\"url\":\"http:\/\/xnoise.lt\/index.php\/renginys\/27-asis-tarptautinis-garso-ir-vibracijos-kongresas-icsv27\/\",\"eventAttendanceMode\":\"https:\/\/schema.org\/OfflineEventAttendanceMode\",\"eventStatus\":\"https:\/\/schema.org\/EventScheduled\",\"startDate\":\"2021-07-11T00:00:00+03:00\",\"endDate\":\"2021-07-16T23:59:59+03:00\",\"location\":{\"@type\":\"Place\",\"name\":\"Virtualiai\",\"description\":\"\",\"url\":\"\",\"address\":{\"@type\":\"PostalAddress\"},\"telephone\":\"\",\"sameAs\":\"\"},\"organizer\":{\"@type\":\"Person\",\"name\":\"Tarptautinis akustikos ir vibracijos institutas (IIAV)\",\"description\":\"\",\"url\":\"\",\"telephone\":\"\",\"email\":\"\",\"sameAs\":\"\"},\"performer\":\"Organization\"},{\"@context\":\"http:\/\/schema.org\",\"@type\":\"Event\",\"name\":\"Konferencija INTER-NOISE 2021\",\"description\":\"&lt;p&gt;&nbsp; Jubiliejinis 50\\u2011asis Tarptautinis triuk\\u0161mo valdymo kongresas ir paroda \\u201eInter\\u2011Noise\\u00a02021\\u201d vyks Va\\u0161ingtone (JAV) 2021 met\\u0173 rugpj\\u016b\\u010dio 1-5 dienomis. Kongreso tema - \\u201eAteinantys 50 met\\u0173 triuk\\u0161mo valdymui\\u201c. Renginys vyks virtualiai. Vis\\u0105...&lt;br \/&gt;&lt;a class=&quot;read-more-button&quot; href=&quot;http:\/\/xnoise.lt\/index.php\/renginys\/konferencija-inter-noise-2021\/&quot;&gt;Read more&lt;\/a&gt;&lt;\/p&gt;\\\\n\",\"image\":\"http:\/\/xnoise.lt\/wp-content\/uploads\/2021\/05\/in21-logo.png\",\"url\":\"http:\/\/xnoise.lt\/index.php\/renginys\/konferencija-inter-noise-2021\/\",\"eventAttendanceMode\":\"https:\/\/schema.org\/OfflineEventAttendanceMode\",\"eventStatus\":\"https:\/\/schema.org\/EventScheduled\",\"startDate\":\"2021-08-01T00:00:00+03:00\",\"endDate\":\"2021-08-05T23:59:59+03:00\",\"location\":{\"@type\":\"Place\",\"name\":\"Virtualiai\",\"description\":\"\",\"url\":\"\",\"address\":{\"@type\":\"PostalAddress\"},\"telephone\":\"\",\"sameAs\":\"\"},\"organizer\":{\"@type\":\"Person\",\"name\":\"Tarptautinio in\\u017einierinio triuk\\u0161mo valdymo instituto (I\\u2011INCE) JAV padalinys (INCE)\",\"description\":\"\",\"url\":\"\",\"telephone\":\"\",\"email\":\"\",\"sameAs\":\"\"},\"performer\":\"Organization\"},{\"@context\":\"http:\/\/schema.org\",\"@type\":\"Event\",\"name\":\"27-oji Tarptautin\\u0117 triuk\\u0161mo supratimo diena (INAD)\",\"description\":\"&lt;p&gt;Saugokite savo klaus\\u0105, saugokite savo sveikat\\u0105! Prisijunkite prie asmen\\u0173 ir organizacij\\u0173 visame pasaulyje \\u0161v\\u0119sdami 27-\\u0105j\\u0105 kasmetin\\u0119 Tarptautin\\u0119 triuk\\u0161mo supratimo dien\\u0105 (INAD), 2022 m. baland\\u017eio 27 d. Pad\\u0117kite didinti informuotum\\u0105 apie...&lt;br \/&gt;&lt;a class=&quot;read-more-button&quot; href=&quot;http:\/\/xnoise.lt\/index.php\/renginys\/27-oji-tarptautine-triuksmo-supratimo-diena-inad\/&quot;&gt;Read more&lt;\/a&gt;&lt;\/p&gt;\\\\n\",\"url\":\"http:\/\/xnoise.lt\/index.php\/renginys\/27-oji-tarptautine-triuksmo-supratimo-diena-inad\/\",\"eventAttendanceMode\":\"https:\/\/schema.org\/OfflineEventAttendanceMode\",\"eventStatus\":\"https:\/\/schema.org\/EventScheduled\",\"startDate\":\"2022-04-27T00:00:00+03:00\",\"endDate\":\"2022-04-27T23:59:59+03:00\",\"performer\":\"Organization\"},{\"@context\":\"http:\/\/schema.org\",\"@type\":\"Event\",\"name\":\"Tarptautin\\u0117 v\\u0117jo turbin\\u0173 triuk\\u0161mo konferencija (ICWTN 2022)\",\"description\":\"&lt;p&gt;2022 m. liepos 28\\u201329 dienomis Vienoje vyks Tarptautin\\u0117 v\\u0117jo turbin\\u0173 triuk\\u0161mo konferencija. Jos tikslas \\u2013 suburti pirmaujan\\u010dius akademinius mokslininkus, tyr\\u0117jus ir mokslininkus, kurie dalyt\\u0173si patirtimi ir tyrim\\u0173 rezultatais visais v\\u0117jo...&lt;br \/&gt;&lt;a class=&quot;read-more-button&quot; href=&quot;http:\/\/xnoise.lt\/index.php\/renginys\/tarptautine-vejo-turbinu-triuksmo-konferencija-icwtn-2022\/&quot;&gt;Read more&lt;\/a&gt;&lt;\/p&gt;\\\\n\",\"image\":\"http:\/\/xnoise.lt\/wp-content\/uploads\/2022\/01\/logo_WNT2022_viena.png\",\"url\":\"http:\/\/xnoise.lt\/index.php\/renginys\/tarptautine-vejo-turbinu-triuksmo-konferencija-icwtn-2022\/\",\"eventAttendanceMode\":\"https:\/\/schema.org\/OfflineEventAttendanceMode\",\"eventStatus\":\"https:\/\/schema.org\/EventScheduled\",\"startDate\":\"2022-07-28T00:00:00+03:00\",\"endDate\":\"2022-07-29T23:59:59+03:00\",\"performer\":\"Organization\"}]\r\n<\/script><!--\n Event listing powered by The Events Calendar Shortcode\n https:\/\/eventcalendarnewsletter.com\/the-events-calendar-shortcode\/ \n-->\n\n\n<p> <\/p>\n\n\n\n<hr class=\"wp-block-separator has-text-color has-background has-cyan-bluish-gray-background-color has-cyan-bluish-gray-color is-style-default\"\/>\n\n\n\n<h3 class=\"has-luminous-vivid-amber-color has-text-color wp-block-heading\" style=\"text-transform:uppercase;letter-spacing:em\">Artimiausi renginiai<\/h3>\n\n\n\n<script data-js='tribe-events-view-nonce-data' type='application\/json'>{\"_tec_view_rest_nonce_primary\":\"5529ced9cd\",\"_tec_view_rest_nonce_secondary\":\"\"}<\/script>\n\n\n\n<p><\/p>\n","protected":false},"excerpt":{"rendered":"<p>Pasibaig\u0119 renginiai Artimiausi renginiai<\/p>\n","protected":false},"author":1,"featured_media":0,"parent":551,"menu_order":0,"comment_status":"closed","ping_status":"closed","template":"template-without-title.php","meta":{"footnotes":""},"class_list":["post-1959","page","type-page","status-publish","hentry"],"_links":{"self":[{"href":"http:\/\/xnoise.lt\/index.php\/wp-json\/wp\/v2\/pages\/1959","targetHints":{"allow":["GET"]}}],"collection":[{"href":"http:\/\/xnoise.lt\/index.php\/wp-json\/wp\/v2\/pages"}],"about":[{"href":"http:\/\/xnoise.lt\/index.php\/wp-json\/wp\/v2\/types\/page"}],"author":[{"embeddable":true,"href":"http:\/\/xnoise.lt\/index.php\/wp-json\/wp\/v2\/users\/1"}],"replies":[{"embeddable":true,"href":"http:\/\/xnoise.lt\/index.php\/wp-json\/wp\/v2\/comments?post=1959"}],"version-history":[{"count":21,"href":"http:\/\/xnoise.lt\/index.php\/wp-json\/wp\/v2\/pages\/1959\/revisions"}],"predecessor-version":[{"id":2167,"href":"http:\/\/xnoise.lt\/index.php\/wp-json\/wp\/v2\/pages\/1959\/revisions\/2167"}],"up":[{"embeddable":true,"href":"http:\/\/xnoise.lt\/index.php\/wp-json\/wp\/v2\/pages\/551"}],"wp:attachment":[{"href":"http:\/\/xnoise.lt\/index.php\/wp-json\/wp\/v2\/media?parent=1959"}],"curies":[{"name":"wp","href":"https:\/\/api.w.org\/{rel}","templated":true}]}}