{"id":16,"date":"2018-06-13T15:11:14","date_gmt":"2018-06-13T13:11:14","guid":{"rendered":"http:\/\/www.xnoise.lt\/?page_id=10"},"modified":"2023-04-19T16:05:01","modified_gmt":"2023-04-19T13:05:01","slug":"x-noise","status":"publish","type":"page","link":"http:\/\/xnoise.lt\/","title":{"rendered":"XNoise"},"content":{"rendered":"<h1><a href=\"http:\/\/xnoise.lt\/wp-content\/uploads\/2014\/05\/xnoise.jpg\"><img loading=\"lazy\" decoding=\"async\" class=\"alignleft\" src=\"http:\/\/www.xnoise.lt\/wp-content\/uploads\/2014\/05\/xnoise.jpg\" alt=\"\" width=\"216\" height=\"86\"><\/a><strong>Projekto \u201eX-Noise\u201c<\/strong><br \/>\n<strong> Nacionalinis koordinatorius&nbsp;<\/strong><br \/>\n<strong> Baltijos \u0161alims<\/strong><\/h1>\n<p><strong>\u201e<\/strong>X-Noise&#8221; tinklas \u012fsipareigoja parengti ir koordinuoti mokslini\u0173 tyrim\u0173 veikl\u0105, susijusi\u0105 su triuk\u0161mu oro transporto srityje, Europos mokslini\u0173 tyrim\u0173 veiklos integravim\u0105 ir rezultat\u0173 sklaid\u0105.<\/p>\n<p>Atsi\u017evelgiant \u012f <strong>\u201e<\/strong>X\u2011Noise&#8221; nacionalini\u0173 centr\u0173 (NC) strukt\u016br\u0105, buvo \u012fsteigtas Nacionalinis koordinacinis centras Baltijos \u0161alims&nbsp;(Lietuva, Latvija, Estija). Juo tapo Vilniaus Gedimino technikos Universiteto (<a href=\"http:\/\/www.vgtu.lt\/\" target=\"_blank\" rel=\"noopener noreferrer\">VGTU<\/a>) Termoizoliacijos mokslo institutas.<\/p>\n<p>Daugiau <a href=\"http:\/\/www.xnoise.lt\/index.php\/language\/lt\/apie-mus\/\">skaitykite \u010dia<\/a>.<\/p>\n","protected":false},"excerpt":{"rendered":"<p>Projekto \u201eX-Noise\u201c Nacionalinis koordinatorius&nbsp; Baltijos \u0161alims \u201eX-Noise&#8221; tinklas \u012fsipareigoja parengti ir koordinuoti mokslini\u0173 tyrim\u0173 veikl\u0105, susijusi\u0105 su triuk\u0161mu oro transporto srityje, Europos mokslini\u0173 tyrim\u0173 veiklos integravim\u0105 ir rezultat\u0173 sklaid\u0105. Atsi\u017evelgiant&#8230;<br \/><a class=\"read-more-button\" href=\"http:\/\/xnoise.lt\/\">Read more<\/a><\/p>\n","protected":false},"author":1,"featured_media":0,"parent":0,"menu_order":0,"comment_status":"closed","ping_status":"closed","template":"","meta":{"footnotes":""},"class_list":["post-16","page","type-page","status-publish","hentry"],"_links":{"self":[{"href":"http:\/\/xnoise.lt\/index.php\/wp-json\/wp\/v2\/pages\/16","targetHints":{"allow":["GET"]}}],"collection":[{"href":"http:\/\/xnoise.lt\/index.php\/wp-json\/wp\/v2\/pages"}],"about":[{"href":"http:\/\/xnoise.lt\/index.php\/wp-json\/wp\/v2\/types\/page"}],"author":[{"embeddable":true,"href":"http:\/\/xnoise.lt\/index.php\/wp-json\/wp\/v2\/users\/1"}],"replies":[{"embeddable":true,"href":"http:\/\/xnoise.lt\/index.php\/wp-json\/wp\/v2\/comments?post=16"}],"version-history":[{"count":7,"href":"http:\/\/xnoise.lt\/index.php\/wp-json\/wp\/v2\/pages\/16\/revisions"}],"predecessor-version":[{"id":2370,"href":"http:\/\/xnoise.lt\/index.php\/wp-json\/wp\/v2\/pages\/16\/revisions\/2370"}],"wp:attachment":[{"href":"http:\/\/xnoise.lt\/index.php\/wp-json\/wp\/v2\/media?parent=16"}],"curies":[{"name":"wp","href":"https:\/\/api.w.org\/{rel}","templated":true}]}}