{"id":154,"date":"2018-06-15T15:14:18","date_gmt":"2018-06-15T13:14:18","guid":{"rendered":"http:\/\/www.xnoise.lt\/?page_id=154"},"modified":"2021-04-08T15:27:45","modified_gmt":"2021-04-08T15:27:45","slug":"paslaugos","status":"publish","type":"page","link":"http:\/\/xnoise.lt\/index.php\/paslaugos\/","title":{"rendered":"Paslaugos"},"content":{"rendered":"<p>Vadovaudamasi ES reglamente Nr.\u00a0305\/2011 \u012fteisintais Europos standartais ir kitais dokumentais, Akustikos laboratorija teikia tokias paslaugas:<\/p>\n<ul>\n<li>\u00a0matuoja akustinius rodiklius pagal savo akreditavimo srit\u012f;<\/li>\n<li>\u00a0matuoja ir \u012fvertina perduot\u0173 naudoti statini\u0173 apsaugos nuo triuk\u0161mo rodiklius, atliek\u0105 j\u0173 garso klas\u0117s \u012fvertinim\u0105 i\u0161ra\u0161ant garso klasifikavimo protokol\u0105 [\u017er. <a href=\"http:\/\/www.xnoise.lt\/index.php\/language\/lt\/pastato-garso-klase\/\" rel=\"noopener\">pastato garso klas\u0117<\/a>];<\/li>\n<li>skai\u010diuoja ir projektuoja patalpas su reikiama akustine apdaila bei akustiniais ekranais;<\/li>\n<li>rengia rekomendacijas triuk\u0161mui ma\u017einti gyvenamojoje bei darbo aplinkoje ir projektuoja triuk\u0161mo ma\u017einimo priemones;<\/li>\n<li>rengia apsaugos nuo triuk\u0161mo darb\u0173 programas;<\/li>\n<li>atlieka su triuk\u0161mu susijusi\u0173 Europos direktyv\u0173 reikalavim\u0173 analiz\u0119 ir ruo\u0161ia naujus standartus bei matavimo metodikas;<\/li>\n<li>konsultuoja nustatant optimalius statini\u0173 ir but\u0173 akustinius rodiklius pagal akustinio komforto s\u0105lygas (<em>akustines klases<\/em>);<\/li>\n<li>konsultuoja gyventojus ir organizacijas d\u0117l padid\u0117jusio triuk\u0161mo gyvenamosiose bei darbo patalpose;<\/li>\n<li>konsultuoja gars\u0105 izoliuojan\u010di\u0173 bei sugerian\u010di\u0173 med\u017eiag\u0173 efektyvumo ir panaudojimo klausimais.<\/li>\n<\/ul>\n<p>Nat\u016briniai triuk\u0161mo matavimai atliekami visoje Lietuvoje.<\/p>\n","protected":false},"excerpt":{"rendered":"<p>Vadovaudamasi ES reglamente Nr.\u00a0305\/2011 \u012fteisintais Europos standartais ir kitais dokumentais, Akustikos laboratorija teikia tokias paslaugas: \u00a0matuoja akustinius rodiklius pagal savo akreditavimo srit\u012f; \u00a0matuoja ir \u012fvertina perduot\u0173 naudoti statini\u0173 apsaugos nuo&#8230;<br \/><a class=\"read-more-button\" href=\"http:\/\/xnoise.lt\/index.php\/paslaugos\/\">Read more<\/a><\/p>\n","protected":false},"author":1,"featured_media":0,"parent":0,"menu_order":0,"comment_status":"closed","ping_status":"closed","template":"","meta":{"footnotes":""},"class_list":["post-154","page","type-page","status-publish","hentry"],"_links":{"self":[{"href":"http:\/\/xnoise.lt\/index.php\/wp-json\/wp\/v2\/pages\/154","targetHints":{"allow":["GET"]}}],"collection":[{"href":"http:\/\/xnoise.lt\/index.php\/wp-json\/wp\/v2\/pages"}],"about":[{"href":"http:\/\/xnoise.lt\/index.php\/wp-json\/wp\/v2\/types\/page"}],"author":[{"embeddable":true,"href":"http:\/\/xnoise.lt\/index.php\/wp-json\/wp\/v2\/users\/1"}],"replies":[{"embeddable":true,"href":"http:\/\/xnoise.lt\/index.php\/wp-json\/wp\/v2\/comments?post=154"}],"version-history":[{"count":1,"href":"http:\/\/xnoise.lt\/index.php\/wp-json\/wp\/v2\/pages\/154\/revisions"}],"predecessor-version":[{"id":1553,"href":"http:\/\/xnoise.lt\/index.php\/wp-json\/wp\/v2\/pages\/154\/revisions\/1553"}],"wp:attachment":[{"href":"http:\/\/xnoise.lt\/index.php\/wp-json\/wp\/v2\/media?parent=154"}],"curies":[{"name":"wp","href":"https:\/\/api.w.org\/{rel}","templated":true}]}}