{"id":1197,"date":"2019-05-14T16:30:37","date_gmt":"2019-05-14T14:30:37","guid":{"rendered":"http:\/\/www.xnoise.lt\/?page_id=1197"},"modified":"2022-05-03T16:58:56","modified_gmt":"2022-05-03T13:58:56","slug":"renginiai-lt","status":"publish","type":"page","link":"http:\/\/xnoise.lt\/index.php\/renginiai-lt\/","title":{"rendered":"renginiai"},"content":{"rendered":"<p>\u0160\u012f m\u0117nes\u012f n\u0117ra numatyt\u0173 rengini\u0173.<\/p>\n<p>Nor\u0117dami per\u017ei\u016br\u0117ti b\u016bsim\u0173 rengini\u0173 s\u0105ra\u0161\u0105 <a href=\"http:\/\/www.xnoise.lt\/index.php\/events\">sp\u016bstel\u0117kite \u010dia<\/a>.<\/p>\n","protected":false},"excerpt":{"rendered":"<p>\u0160\u012f m\u0117nes\u012f n\u0117ra numatyt\u0173 rengini\u0173. Nor\u0117dami per\u017ei\u016br\u0117ti b\u016bsim\u0173 rengini\u0173 s\u0105ra\u0161\u0105 sp\u016bstel\u0117kite \u010dia.<\/p>\n","protected":false},"author":1,"featured_media":0,"parent":0,"menu_order":0,"comment_status":"closed","ping_status":"closed","template":"","meta":{"footnotes":""},"class_list":["post-1197","page","type-page","status-publish","hentry"],"_links":{"self":[{"href":"http:\/\/xnoise.lt\/index.php\/wp-json\/wp\/v2\/pages\/1197","targetHints":{"allow":["GET"]}}],"collection":[{"href":"http:\/\/xnoise.lt\/index.php\/wp-json\/wp\/v2\/pages"}],"about":[{"href":"http:\/\/xnoise.lt\/index.php\/wp-json\/wp\/v2\/types\/page"}],"author":[{"embeddable":true,"href":"http:\/\/xnoise.lt\/index.php\/wp-json\/wp\/v2\/users\/1"}],"replies":[{"embeddable":true,"href":"http:\/\/xnoise.lt\/index.php\/wp-json\/wp\/v2\/comments?post=1197"}],"version-history":[{"count":1,"href":"http:\/\/xnoise.lt\/index.php\/wp-json\/wp\/v2\/pages\/1197\/revisions"}],"predecessor-version":[{"id":2135,"href":"http:\/\/xnoise.lt\/index.php\/wp-json\/wp\/v2\/pages\/1197\/revisions\/2135"}],"wp:attachment":[{"href":"http:\/\/xnoise.lt\/index.php\/wp-json\/wp\/v2\/media?parent=1197"}],"curies":[{"name":"wp","href":"https:\/\/api.w.org\/{rel}","templated":true}]}}